{"id":559,"date":"2021-01-28T11:18:00","date_gmt":"2021-01-28T11:18:00","guid":{"rendered":"https:\/\/whitebrandhotels.lawebdetuvida.com\/acerca-de-nosotros\/"},"modified":"2021-04-21T07:51:12","modified_gmt":"2021-04-21T07:51:12","slug":"acerca-de-nosotros","status":"publish","type":"page","link":"https:\/\/whitebrandhotels.com\/es\/acerca-de-nosotros\/","title":{"rendered":"Acerca de nosotros"},"content":{"rendered":"<h1>Acerca de nosotros<\/h1>\n<h2>C\u00f3mo empez\u00f3 todo<\/h2>\n<p>Luis Rubi\u00f3 y Bj\u00f6rn Wild, amigos y socios, decidieron fundar a principios del 2019 White Brand Hotels, una empresa \u201cboutique\u201d que gestiona servicios hoteleros de marca blanca, hecha a medida para hoteles independientes.<\/p>\n<p>Ambos se conocieron en Mallorca en 2010 durante un proyecto de \u201cturn-around\u201d en el que Luis gestionaba temas financieros como el cash flow o el reporting, haciendo las funciones de Asset Manager desde Tundra Hotels, mientras que Bj\u00f6rn gestionaba las operaciones como Director General del hotel.<\/p>\n<p>Como equipo, no solo pudieron convertir un cash flow negativo en un hotel altamente rentable en pocos a\u00f1os, sino que tambi\u00e9n posicionaron al hotel como el mejor de su categor\u00eda.<\/p>\n<p>Durante la \u00faltima d\u00e9cada, ambos han trabajado juntos en varios proyectos en Mallorca, Catalu\u00f1a y Valencia. Despu\u00e9s de completar dichos proyectos con \u00e9xito, se han ganado la confianza de multitud de propietarios de hoteles y otros negocios HORECA.<\/p>\n<p>A finales del 2019, ambos deciden fusionar el negocio de Asset Management de Luis, Tundra Hotels, con la consultora hotelera de Bj\u00f6rn, Wild Solutions. Como resultado, hoy tenemos a White Brand Hotels, una empresa especializada en la gesti\u00f3n de hoteles boutique.<\/p>\n<p>Con una s\u00f3lida base de clientes y proyectos, a principios de 2020, Chris Judd se une a White Brand Hotels como Director Financiero y socio. Nacido en EEUU, Chris trabaj\u00f3 con Luis como Regional Financial Controller para el Norte de Europa con responsabilidad de varios hoteles boutique.<\/p>\n<p>En octubre de 2020, White Brand Hotels incorpora a Gemma Riu como Directora de Desarrollo de Negocio. Gemma, economista y antigua alumna del IES y de ESADE, qued\u00f3 prendada del concepto \u00fanico de White Brand Hotels.<\/p>\n<p>Luis, Bj\u00f6rn, Chris y Gemma se conocieron como miembros del consejo asesor de un fondo de inversi\u00f3n en Barcelona y encontraron que su colaboraci\u00f3n era vital para el crecimiento de White Brand Hotels.<\/p>\n<p>&nbsp;<\/p>\n<h2>Qu\u00e9 hacemos<\/h2>\n<p>Nuestro objetivo es proteger el valor del activo de nuestros clientes mediante la creaci\u00f3n de un s\u00f3lido reconocimiento de la propia marca, combinado con una gesti\u00f3n hotelera rentable.<\/p>\n<p>Ofrecemos nuestros servicios White Brand Hotels con la misma pasi\u00f3n como si fu\u00e9ramos el propietario del hotel, centr\u00e1ndonos en los recursos de la marca existente y desarroll\u00e1ndola hasta ser reconocida por la calidad y experiencias ofrecidas. La base de la gesti\u00f3n se centra en aspectos claves como: la naturaleza de la propiedad, la ubicaci\u00f3n, la estacionalidad y comparativa con respecto a la competencia.<\/p>\n<p>Como operadores de marca blanca, somos altamente eficientes y siempre transparentes, utilizando la tecnolog\u00eda m\u00e1s actualizada integrada a los sistemas operativos de nuestros clientes, poniendo a su disposici\u00f3n informes diarios para monitorizar los ingresos, gastos y la experiencia de los hu\u00e9spedes.<\/p>\n<p>White Brand Hotels crea conceptos de servicio espec\u00edficos. Personalizamos estrat\u00e9gicamente una combinaci\u00f3n de marketing, ventas y comunicaci\u00f3n a medida de cada hotel y encontramos el concepto de nicho adecuado para crear una experiencia \u00fanica, focalizando la implementaci\u00f3n de procedimientos para cada propiedad.<\/p>\n<p>\t\t\t<a href=\"https:\/\/whitebrandhotels.com\/es\/contacto\/\" role=\"button\"><br \/>\n\t\t\t\t\t\tCONTACTA CON NOSOTROS<br \/>\n\t\t\t\t\t<\/a><br \/>\n\t\t\t\t\t\t\t\t\t\t<img decoding=\"async\" width=\"673\" height=\"1024\" src=\"https:\/\/whitebrandhotels.com\/wp-content\/uploads\/2021\/01\/aboutus-s4-673x1024.jpg\" alt=\"\" loading=\"lazy\" srcset=\"https:\/\/whitebrandhotels.com\/wp-content\/uploads\/2021\/01\/aboutus-s4-673x1024.jpg 673w, https:\/\/whitebrandhotels.com\/wp-content\/uploads\/2021\/01\/aboutus-s4-197x300.jpg 197w, https:\/\/whitebrandhotels.com\/wp-content\/uploads\/2021\/01\/aboutus-s4-768x1169.jpg 768w, https:\/\/whitebrandhotels.com\/wp-content\/uploads\/2021\/01\/aboutus-s4.jpg 900w\" sizes=\"auto, (max-width: 673px) 100vw, 673px\" \/>\t\t\t\t\t\t\t\t\t\t\t<\/p>\n<h2>En qu\u00e9 creemos<\/h2>\n<p>Ense\u00f1ar y entrenar son nuestros deberes diarios. Un equipo profesional y capacitado es la clave del \u00e9xito de cualquier negocio.<\/p>\n<p>Nos apasionan las personas y creemos en estructuras din\u00e1micas, donde cada empleado tiene responsabilidades y el desaf\u00edo de tomar decisiones que influyan positivamente en el resultado de la empresa. Creemos que todo hotel necesita personalidades carism\u00e1ticas y creativas.<\/p>\n<p>Como expertos en gesti\u00f3n hotelera, ayudamos a los directores\/as de Hotel a tomar decisiones m\u00e1s eficientes y ense\u00f1amos a los jefes de departamento a ser aut\u00e9nticos anfitriones mientras est\u00e1n orientados a los resultados de la empresa. Establecemos culturas de servicio de calidad y ense\u00f1amos la atenci\u00f3n al detalle para llevar al hotel al m\u00e1s alto nivel de reconocimiento.<\/p>\n<p>Los hu\u00e9spedes, quieren conectar con los empleados a un nivel m\u00e1s pr\u00f3ximo, y obtener una informaci\u00f3n integra de los hu\u00e9spedes es clave. Por este motivo, creamos un programa de CRM integrable en todos los sistemas operativos de nuestros clientes.<\/p>\n<p>Creemos firmemente que la \u00fanica forma de destacar en la industria es dar un servicio extraordinario. Esto lo logramos al mantener una alta satisfacci\u00f3n y motivaci\u00f3n tanto de sus clientes como de sus empleados.<\/p>\n<p>En White Brand Hotels adoptamos un enfoque hol\u00edstico, analizamos detenidamente todos los aspectos de la operativa y las caracter\u00edsticas de la propiedad, para ofrecer soluciones eficientes. Nuestro deber es crear valor a medio y largo plazo para nuestros clientes. Escuchamos, y elaboramos una estrategia que no limitar\u00e1 a los hoteles a un peque\u00f1o crecimiento a\u00f1o tras a\u00f1o.<\/p>\n<p>Como operador de marca blanca, podemos ser extremadamente eficientes, subiendo RevPar y GOP durante los a\u00f1os de gesti\u00f3n y agregando el valor al activo para el d\u00eda de la venta.<\/p>\n<p>Hemos desarrollado relaciones claves con proveedores externos, una red de profesionales con experiencia en el sector hotelero dentro de sus especialidades, cuidadosamente seleccionados que destacan en su campo para brindar los mejores resultados, en el plazo deseado y con los gastos minimizados.<\/p>\n<h2>Por qu\u00e9 White Brand Hotels<\/h2>\n<ul>\n<li>\n\t\t\t\t\t\t\t\t\t\tDesarrollamos la marca del hotel\n\t\t\t\t\t\t\t\t\t<\/li>\n<li>\n\t\t\t\t\t\t\t\t\t\tPotenciamos la visibilidad de las marcas de nuestros clientes\n\t\t\t\t\t\t\t\t\t<\/li>\n<li>\n\t\t\t\t\t\t\t\t\t\tCreamos valor a largo plazo para los activos individuales\n\t\t\t\t\t\t\t\t\t<\/li>\n<li>\n\t\t\t\t\t\t\t\t\t\tFortalecemos la satisfacci\u00f3n de clientes y creamos clientes repetidores nuevos\n\t\t\t\t\t\t\t\t\t<\/li>\n<li>\n\t\t\t\t\t\t\t\t\t\tAhorramos tiempo y dinero utilizando recursos cuidadosamente seleccionados para posicionar su marca\n\t\t\t\t\t\t\t\t\t<\/li>\n<li>\n\t\t\t\t\t\t\t\t\t\tAsumimos la presi\u00f3n y nos ocupamos de los asuntos operativos y la gesti\u00f3n del flujo de caja\n\t\t\t\t\t\t\t\t\t<\/li>\n<li>\n\t\t\t\t\t\t\t\t\t\tUtilizamos la \u00faltima tecnolog\u00eda automatizando informes para obtener un control financiero siempre actualizada y transparente\n\t\t\t\t\t\t\t\t\t<\/li>\n<li>\n\t\t\t\t\t\t\t\t\t\tAumentamos la satisfacci\u00f3n de hu\u00e9spedes y empleados\n\t\t\t\t\t\t\t\t\t<\/li>\n<li>\n\t\t\t\t\t\t\t\t\t\tNo tenemos gastos generales\n\t\t\t\t\t\t\t\t\t<\/li>\n<\/ul>\n<p>\t\t\t\t\t\t\t\t\t\t<img decoding=\"async\" width=\"400\" height=\"601\" src=\"https:\/\/whitebrandhotels.com\/wp-content\/uploads\/2021\/01\/aboutus-s7.jpg\" alt=\"\" loading=\"lazy\" srcset=\"https:\/\/whitebrandhotels.com\/wp-content\/uploads\/2021\/01\/aboutus-s7.jpg 400w, https:\/\/whitebrandhotels.com\/wp-content\/uploads\/2021\/01\/aboutus-s7-200x300.jpg 200w\" sizes=\"auto, (max-width: 400px) 100vw, 400px\" \/>\t\t\t\t\t\t\t\t\t\t\t<\/p>\n<h2>Visi\u00f3n<\/h2>\n<p>Ser el mejor operador de hoteles boutique de marca blanca en Espa\u00f1a, considerado por los propietarios e inversores como aliado imprescindible.<\/p>\n<h2>Misi\u00f3n<\/h2>\n<p>Desarrollar y gestionar hoteles boutique con experiencias aut\u00e9nticas, creando valor para la marca y ofreciendo la mayor rentabilidad en nuestro segmento. Nos enfocamos en dar el mejor servicio de hotel management en Espa\u00f1a.<\/p>\n<h2>Valores principales<\/h2>\n<p>Service Vocation \u2013 Implementamos est\u00e1ndares de calidad y desarrollamos una actitud al servicio<\/p>\n<p>Environmental Responsible \u2013 Tratamos de cuidar al medio ambiente en todos nuestros actos para preparar nuestros clientes para el futuro<\/p>\n<p>Respectful \u2013 Somos muy respetuosos en nuestra manera de tratar con, clientes, personal y proveedores<\/p>\n<p>Visionary \u2013 Pensamos con originalidad y preparamos estrategias con futuro<\/p>\n<p>Integrity \u2013 Somos una empresa con valores y nuestra honestidad y transparencia nos distingue<\/p>\n<p>Commitment \u2013 Estamos comprometidos con todos los proyectos que acojamos<\/p>\n<p>Efficient \u2013 Nuestra dedicaci\u00f3n y nuestros avances tecnol\u00f3gicos permiten que seamos altamente eficiente<\/p>\n<p>\t\t\t<a href=\"https:\/\/whitebrandhotels.com\/es\/contacto\/\" role=\"button\"><br \/>\n\t\t\t\t\t\tCONTACTA CON NOSOTROS<br \/>\n\t\t\t\t\t<\/a><\/p>\n","protected":false},"excerpt":{"rendered":"<p>Acerca de nosotros C\u00f3mo empez\u00f3 todo Luis Rubi\u00f3 y Bj\u00f6rn Wild, amigos y socios, decidieron fundar a principios del 2019 White Brand Hotels, una empresa \u201cboutique\u201d que gestiona servicios hoteleros de marca blanca, hecha a medida para hoteles independientes. Ambos se conocieron en Mallorca en 2010 durante un proyecto de \u201cturn-around\u201d en el que Luis &hellip;<\/p>\n<p class=\"read-more\"> <a class=\"\" href=\"https:\/\/whitebrandhotels.com\/es\/acerca-de-nosotros\/\"> <span class=\"screen-reader-text\">Acerca de nosotros<\/span> Leer m\u00e1s &raquo;<\/a><\/p>\n","protected":false},"author":1,"featured_media":0,"parent":0,"menu_order":0,"comment_status":"closed","ping_status":"closed","template":"","meta":{"_monsterinsights_skip_tracking":false,"_monsterinsights_sitenote_active":false,"_monsterinsights_sitenote_note":"","_monsterinsights_sitenote_category":0,"site-sidebar-layout":"no-sidebar","site-content-layout":"page-builder","ast-global-header-display":"","ast-main-header-display":"","ast-hfb-above-header-display":"","ast-hfb-below-header-display":"","ast-hfb-mobile-header-display":"","site-post-title":"disabled","ast-breadcrumbs-content":"","ast-featured-img":"disabled","footer-sml-layout":"","theme-transparent-header-meta":"default","adv-header-id-meta":"","stick-header-meta":"","header-above-stick-meta":"","header-main-stick-meta":"","header-below-stick-meta":"","footnotes":""},"class_list":["post-559","page","type-page","status-publish","hentry"],"yoast_head":"<!-- This site is optimized with the Yoast SEO plugin v27.4 - https:\/\/yoast.com\/product\/yoast-seo-wordpress\/ -->\n<title>Acerca de nosotros - White Brand Hotels<\/title>\n<meta name=\"robots\" content=\"index, follow, max-snippet:-1, max-image-preview:large, max-video-preview:-1\" \/>\n<link rel=\"canonical\" href=\"https:\/\/whitebrandhotels.com\/es\/acerca-de-nosotros\/\" \/>\n<meta property=\"og:locale\" content=\"es_ES\" \/>\n<meta property=\"og:type\" content=\"article\" \/>\n<meta property=\"og:title\" content=\"Acerca de nosotros - White Brand Hotels\" \/>\n<meta property=\"og:description\" content=\"Acerca de nosotros C\u00f3mo empez\u00f3 todo Luis Rubi\u00f3 y Bj\u00f6rn Wild, amigos y socios, decidieron fundar a principios del 2019 White Brand Hotels, una empresa \u201cboutique\u201d que gestiona servicios hoteleros de marca blanca, hecha a medida para hoteles independientes. Ambos se conocieron en Mallorca en 2010 durante un proyecto de \u201cturn-around\u201d en el que Luis &hellip; Acerca de nosotros Leer m\u00e1s &raquo;\" \/>\n<meta property=\"og:url\" content=\"https:\/\/whitebrandhotels.com\/es\/acerca-de-nosotros\/\" \/>\n<meta property=\"og:site_name\" content=\"White Brand Hotels\" \/>\n<meta property=\"article:modified_time\" content=\"2021-04-21T07:51:12+00:00\" \/>\n<meta property=\"og:image\" content=\"https:\/\/whitebrandhotels.com\/wp-content\/uploads\/2021\/01\/aboutus-s4-673x1024.jpg\" \/>\n<meta name=\"twitter:card\" content=\"summary_large_image\" \/>\n<meta name=\"twitter:label1\" content=\"Tiempo de lectura\" \/>\n\t<meta name=\"twitter:data1\" content=\"5 minutos\" \/>\n<script type=\"application\/ld+json\" class=\"yoast-schema-graph\">{\"@context\":\"https:\\\/\\\/schema.org\",\"@graph\":[{\"@type\":\"WebPage\",\"@id\":\"https:\\\/\\\/whitebrandhotels.com\\\/es\\\/acerca-de-nosotros\\\/\",\"url\":\"https:\\\/\\\/whitebrandhotels.com\\\/es\\\/acerca-de-nosotros\\\/\",\"name\":\"Acerca de nosotros - White Brand Hotels\",\"isPartOf\":{\"@id\":\"https:\\\/\\\/whitebrandhotels.com\\\/#website\"},\"primaryImageOfPage\":{\"@id\":\"https:\\\/\\\/whitebrandhotels.com\\\/es\\\/acerca-de-nosotros\\\/#primaryimage\"},\"image\":{\"@id\":\"https:\\\/\\\/whitebrandhotels.com\\\/es\\\/acerca-de-nosotros\\\/#primaryimage\"},\"thumbnailUrl\":\"https:\\\/\\\/whitebrandhotels.com\\\/wp-content\\\/uploads\\\/2021\\\/01\\\/aboutus-s4-673x1024.jpg\",\"datePublished\":\"2021-01-28T11:18:00+00:00\",\"dateModified\":\"2021-04-21T07:51:12+00:00\",\"breadcrumb\":{\"@id\":\"https:\\\/\\\/whitebrandhotels.com\\\/es\\\/acerca-de-nosotros\\\/#breadcrumb\"},\"inLanguage\":\"es\",\"potentialAction\":[{\"@type\":\"ReadAction\",\"target\":[\"https:\\\/\\\/whitebrandhotels.com\\\/es\\\/acerca-de-nosotros\\\/\"]}]},{\"@type\":\"ImageObject\",\"inLanguage\":\"es\",\"@id\":\"https:\\\/\\\/whitebrandhotels.com\\\/es\\\/acerca-de-nosotros\\\/#primaryimage\",\"url\":\"https:\\\/\\\/whitebrandhotels.com\\\/wp-content\\\/uploads\\\/2021\\\/01\\\/aboutus-s4-673x1024.jpg\",\"contentUrl\":\"https:\\\/\\\/whitebrandhotels.com\\\/wp-content\\\/uploads\\\/2021\\\/01\\\/aboutus-s4-673x1024.jpg\"},{\"@type\":\"BreadcrumbList\",\"@id\":\"https:\\\/\\\/whitebrandhotels.com\\\/es\\\/acerca-de-nosotros\\\/#breadcrumb\",\"itemListElement\":[{\"@type\":\"ListItem\",\"position\":1,\"name\":\"Portada\",\"item\":\"https:\\\/\\\/whitebrandhotels.com\\\/es\\\/\"},{\"@type\":\"ListItem\",\"position\":2,\"name\":\"Acerca de nosotros\"}]},{\"@type\":\"WebSite\",\"@id\":\"https:\\\/\\\/whitebrandhotels.com\\\/#website\",\"url\":\"https:\\\/\\\/whitebrandhotels.com\\\/\",\"name\":\"White Brand Hotels\",\"description\":\"Hotel Management\",\"publisher\":{\"@id\":\"https:\\\/\\\/whitebrandhotels.com\\\/#organization\"},\"potentialAction\":[{\"@type\":\"SearchAction\",\"target\":{\"@type\":\"EntryPoint\",\"urlTemplate\":\"https:\\\/\\\/whitebrandhotels.com\\\/?s={search_term_string}\"},\"query-input\":{\"@type\":\"PropertyValueSpecification\",\"valueRequired\":true,\"valueName\":\"search_term_string\"}}],\"inLanguage\":\"es\"},{\"@type\":\"Organization\",\"@id\":\"https:\\\/\\\/whitebrandhotels.com\\\/#organization\",\"name\":\"White Brand Hotels\",\"url\":\"https:\\\/\\\/whitebrandhotels.com\\\/\",\"logo\":{\"@type\":\"ImageObject\",\"inLanguage\":\"es\",\"@id\":\"https:\\\/\\\/whitebrandhotels.com\\\/#\\\/schema\\\/logo\\\/image\\\/\",\"url\":\"https:\\\/\\\/whitebrandhotels.com\\\/wp-content\\\/uploads\\\/2021\\\/01\\\/logo-wbh-black.png\",\"contentUrl\":\"https:\\\/\\\/whitebrandhotels.com\\\/wp-content\\\/uploads\\\/2021\\\/01\\\/logo-wbh-black.png\",\"width\":250,\"height\":45,\"caption\":\"White Brand Hotels\"},\"image\":{\"@id\":\"https:\\\/\\\/whitebrandhotels.com\\\/#\\\/schema\\\/logo\\\/image\\\/\"},\"sameAs\":[\"https:\\\/\\\/www.instagram.com\\\/whitebrandhotels\",\"https:\\\/\\\/www.linkedin.com\\\/company\\\/whitebrandhotels\"]}]}<\/script>\n<!-- \/ Yoast SEO plugin. -->","yoast_head_json":{"title":"Acerca de nosotros - White Brand Hotels","robots":{"index":"index","follow":"follow","max-snippet":"max-snippet:-1","max-image-preview":"max-image-preview:large","max-video-preview":"max-video-preview:-1"},"canonical":"https:\/\/whitebrandhotels.com\/es\/acerca-de-nosotros\/","og_locale":"es_ES","og_type":"article","og_title":"Acerca de nosotros - White Brand Hotels","og_description":"Acerca de nosotros C\u00f3mo empez\u00f3 todo Luis Rubi\u00f3 y Bj\u00f6rn Wild, amigos y socios, decidieron fundar a principios del 2019 White Brand Hotels, una empresa \u201cboutique\u201d que gestiona servicios hoteleros de marca blanca, hecha a medida para hoteles independientes. Ambos se conocieron en Mallorca en 2010 durante un proyecto de \u201cturn-around\u201d en el que Luis &hellip; Acerca de nosotros Leer m\u00e1s &raquo;","og_url":"https:\/\/whitebrandhotels.com\/es\/acerca-de-nosotros\/","og_site_name":"White Brand Hotels","article_modified_time":"2021-04-21T07:51:12+00:00","og_image":[{"url":"https:\/\/whitebrandhotels.com\/wp-content\/uploads\/2021\/01\/aboutus-s4-673x1024.jpg","type":"","width":"","height":""}],"twitter_card":"summary_large_image","twitter_misc":{"Tiempo de lectura":"5 minutos"},"schema":{"@context":"https:\/\/schema.org","@graph":[{"@type":"WebPage","@id":"https:\/\/whitebrandhotels.com\/es\/acerca-de-nosotros\/","url":"https:\/\/whitebrandhotels.com\/es\/acerca-de-nosotros\/","name":"Acerca de nosotros - White Brand Hotels","isPartOf":{"@id":"https:\/\/whitebrandhotels.com\/#website"},"primaryImageOfPage":{"@id":"https:\/\/whitebrandhotels.com\/es\/acerca-de-nosotros\/#primaryimage"},"image":{"@id":"https:\/\/whitebrandhotels.com\/es\/acerca-de-nosotros\/#primaryimage"},"thumbnailUrl":"https:\/\/whitebrandhotels.com\/wp-content\/uploads\/2021\/01\/aboutus-s4-673x1024.jpg","datePublished":"2021-01-28T11:18:00+00:00","dateModified":"2021-04-21T07:51:12+00:00","breadcrumb":{"@id":"https:\/\/whitebrandhotels.com\/es\/acerca-de-nosotros\/#breadcrumb"},"inLanguage":"es","potentialAction":[{"@type":"ReadAction","target":["https:\/\/whitebrandhotels.com\/es\/acerca-de-nosotros\/"]}]},{"@type":"ImageObject","inLanguage":"es","@id":"https:\/\/whitebrandhotels.com\/es\/acerca-de-nosotros\/#primaryimage","url":"https:\/\/whitebrandhotels.com\/wp-content\/uploads\/2021\/01\/aboutus-s4-673x1024.jpg","contentUrl":"https:\/\/whitebrandhotels.com\/wp-content\/uploads\/2021\/01\/aboutus-s4-673x1024.jpg"},{"@type":"BreadcrumbList","@id":"https:\/\/whitebrandhotels.com\/es\/acerca-de-nosotros\/#breadcrumb","itemListElement":[{"@type":"ListItem","position":1,"name":"Portada","item":"https:\/\/whitebrandhotels.com\/es\/"},{"@type":"ListItem","position":2,"name":"Acerca de nosotros"}]},{"@type":"WebSite","@id":"https:\/\/whitebrandhotels.com\/#website","url":"https:\/\/whitebrandhotels.com\/","name":"White Brand Hotels","description":"Hotel Management","publisher":{"@id":"https:\/\/whitebrandhotels.com\/#organization"},"potentialAction":[{"@type":"SearchAction","target":{"@type":"EntryPoint","urlTemplate":"https:\/\/whitebrandhotels.com\/?s={search_term_string}"},"query-input":{"@type":"PropertyValueSpecification","valueRequired":true,"valueName":"search_term_string"}}],"inLanguage":"es"},{"@type":"Organization","@id":"https:\/\/whitebrandhotels.com\/#organization","name":"White Brand Hotels","url":"https:\/\/whitebrandhotels.com\/","logo":{"@type":"ImageObject","inLanguage":"es","@id":"https:\/\/whitebrandhotels.com\/#\/schema\/logo\/image\/","url":"https:\/\/whitebrandhotels.com\/wp-content\/uploads\/2021\/01\/logo-wbh-black.png","contentUrl":"https:\/\/whitebrandhotels.com\/wp-content\/uploads\/2021\/01\/logo-wbh-black.png","width":250,"height":45,"caption":"White Brand Hotels"},"image":{"@id":"https:\/\/whitebrandhotels.com\/#\/schema\/logo\/image\/"},"sameAs":["https:\/\/www.instagram.com\/whitebrandhotels","https:\/\/www.linkedin.com\/company\/whitebrandhotels"]}]}},"_links":{"self":[{"href":"https:\/\/whitebrandhotels.com\/es\/wp-json\/wp\/v2\/pages\/559","targetHints":{"allow":["GET"]}}],"collection":[{"href":"https:\/\/whitebrandhotels.com\/es\/wp-json\/wp\/v2\/pages"}],"about":[{"href":"https:\/\/whitebrandhotels.com\/es\/wp-json\/wp\/v2\/types\/page"}],"author":[{"embeddable":true,"href":"https:\/\/whitebrandhotels.com\/es\/wp-json\/wp\/v2\/users\/1"}],"replies":[{"embeddable":true,"href":"https:\/\/whitebrandhotels.com\/es\/wp-json\/wp\/v2\/comments?post=559"}],"version-history":[{"count":127,"href":"https:\/\/whitebrandhotels.com\/es\/wp-json\/wp\/v2\/pages\/559\/revisions"}],"predecessor-version":[{"id":1173,"href":"https:\/\/whitebrandhotels.com\/es\/wp-json\/wp\/v2\/pages\/559\/revisions\/1173"}],"wp:attachment":[{"href":"https:\/\/whitebrandhotels.com\/es\/wp-json\/wp\/v2\/media?parent=559"}],"curies":[{"name":"wp","href":"https:\/\/api.w.org\/{rel}","templated":true}]}}