{"id":589,"date":"2021-01-28T11:34:08","date_gmt":"2021-01-28T11:34:08","guid":{"rendered":"https:\/\/whitebrandhotels.lawebdetuvida.com\/experiencia\/"},"modified":"2021-04-21T10:17:24","modified_gmt":"2021-04-21T10:17:24","slug":"experiencia","status":"publish","type":"page","link":"https:\/\/whitebrandhotels.com\/es\/experiencia\/","title":{"rendered":"Experiencia"},"content":{"rendered":"<h1>Experiencia<\/h1>\n<h2>Experiencia, la mejor fuente de conocimiento<\/h2>\n<p>Somos una empresa joven que cuenta con una gran experiencia en la gesti\u00f3n hotelera. Nuestra destreza en hoteles boutique es dif\u00edcil de superar.<\/p>\n<p>Si le fuera de inter\u00e9s, le invitamos a navegar en el mapa que aparece a continuaci\u00f3n para ver d\u00f3nde y para que hoteles hemos prestado nuestros servicios en el pasado.<\/p>\n<p>El listado abajo muestra solamente donde los fundadores Luis Rubi\u00f3 y Bj\u00f6rn Wild han trabajado, ya sea en puestos de Direcci\u00f3n o como Asset Managers.<\/p>\n<p>\t\t\t<a href=\"https:\/\/whitebrandhotels.com\/es\/contacto\/\" role=\"button\"><br \/>\n\t\t\t\t\t\tCONTACTA CON NOSOTROS<br \/>\n\t\t\t\t\t<\/a><br \/>\n\t\t\t\t\t\t\t\t\t\t<img decoding=\"async\" width=\"530\" height=\"491\" src=\"https:\/\/whitebrandhotels.com\/wp-content\/uploads\/2020\/10\/nuestra-historia2.jpg\" alt=\"\" loading=\"lazy\" srcset=\"https:\/\/whitebrandhotels.com\/wp-content\/uploads\/2020\/10\/nuestra-historia2.jpg 530w, https:\/\/whitebrandhotels.com\/wp-content\/uploads\/2020\/10\/nuestra-historia2-300x278.jpg 300w\" sizes=\"auto, (max-width: 530px) 100vw, 530px\" \/>\t\t\t\t\t\t\t\t\t\t\t<\/p>\n<p>Colectivamente, conozco a Luis, Chris y Bj\u00f6rn desde hace 60 a\u00f1os y he trabajado con ellos durante casi 30 a\u00f1os. Son amigos y colegas y tienen toda mi confianza.<\/p>\n<p>&#8211; David F. Stein, Consejero Delegado The Stein Group &#8211;<\/p>\n","protected":false},"excerpt":{"rendered":"<p>Experiencia Experiencia, la mejor fuente de conocimiento Somos una empresa joven que cuenta con una gran experiencia en la gesti\u00f3n hotelera. Nuestra destreza en hoteles boutique es dif\u00edcil de superar. Si le fuera de inter\u00e9s, le invitamos a navegar en el mapa que aparece a continuaci\u00f3n para ver d\u00f3nde y para que hoteles hemos prestado &hellip;<\/p>\n<p class=\"read-more\"> <a class=\"\" href=\"https:\/\/whitebrandhotels.com\/es\/experiencia\/\"> <span class=\"screen-reader-text\">Experiencia<\/span> Leer m\u00e1s &raquo;<\/a><\/p>\n","protected":false},"author":1,"featured_media":0,"parent":0,"menu_order":0,"comment_status":"closed","ping_status":"closed","template":"","meta":{"_monsterinsights_skip_tracking":false,"_monsterinsights_sitenote_active":false,"_monsterinsights_sitenote_note":"","_monsterinsights_sitenote_category":0,"site-sidebar-layout":"no-sidebar","site-content-layout":"page-builder","ast-global-header-display":"","ast-main-header-display":"","ast-hfb-above-header-display":"","ast-hfb-below-header-display":"","ast-hfb-mobile-header-display":"","site-post-title":"disabled","ast-breadcrumbs-content":"","ast-featured-img":"disabled","footer-sml-layout":"","theme-transparent-header-meta":"default","adv-header-id-meta":"","stick-header-meta":"","header-above-stick-meta":"","header-main-stick-meta":"","header-below-stick-meta":"","footnotes":""},"class_list":["post-589","page","type-page","status-publish","hentry"],"yoast_head":"<!-- This site is optimized with the Yoast SEO plugin v27.4 - https:\/\/yoast.com\/product\/yoast-seo-wordpress\/ -->\n<title>Experiencia - White Brand Hotels<\/title>\n<meta name=\"robots\" content=\"index, follow, max-snippet:-1, max-image-preview:large, max-video-preview:-1\" \/>\n<link rel=\"canonical\" href=\"https:\/\/whitebrandhotels.com\/es\/experiencia\/\" \/>\n<meta property=\"og:locale\" content=\"es_ES\" \/>\n<meta property=\"og:type\" content=\"article\" \/>\n<meta property=\"og:title\" content=\"Experiencia - White Brand Hotels\" \/>\n<meta property=\"og:description\" content=\"Experiencia Experiencia, la mejor fuente de conocimiento Somos una empresa joven que cuenta con una gran experiencia en la gesti\u00f3n hotelera. Nuestra destreza en hoteles boutique es dif\u00edcil de superar. Si le fuera de inter\u00e9s, le invitamos a navegar en el mapa que aparece a continuaci\u00f3n para ver d\u00f3nde y para que hoteles hemos prestado &hellip; Experiencia Leer m\u00e1s &raquo;\" \/>\n<meta property=\"og:url\" content=\"https:\/\/whitebrandhotels.com\/es\/experiencia\/\" \/>\n<meta property=\"og:site_name\" content=\"White Brand Hotels\" \/>\n<meta property=\"article:modified_time\" content=\"2021-04-21T10:17:24+00:00\" \/>\n<meta property=\"og:image\" content=\"https:\/\/whitebrandhotels.com\/wp-content\/uploads\/2020\/10\/nuestra-historia2.jpg\" \/>\n<meta name=\"twitter:card\" content=\"summary_large_image\" \/>\n<meta name=\"twitter:label1\" content=\"Tiempo de lectura\" \/>\n\t<meta name=\"twitter:data1\" content=\"13 minutos\" \/>\n<script type=\"application\/ld+json\" class=\"yoast-schema-graph\">{\"@context\":\"https:\\\/\\\/schema.org\",\"@graph\":[{\"@type\":\"WebPage\",\"@id\":\"https:\\\/\\\/whitebrandhotels.com\\\/es\\\/experiencia\\\/\",\"url\":\"https:\\\/\\\/whitebrandhotels.com\\\/es\\\/experiencia\\\/\",\"name\":\"Experiencia - White Brand Hotels\",\"isPartOf\":{\"@id\":\"https:\\\/\\\/whitebrandhotels.com\\\/#website\"},\"primaryImageOfPage\":{\"@id\":\"https:\\\/\\\/whitebrandhotels.com\\\/es\\\/experiencia\\\/#primaryimage\"},\"image\":{\"@id\":\"https:\\\/\\\/whitebrandhotels.com\\\/es\\\/experiencia\\\/#primaryimage\"},\"thumbnailUrl\":\"https:\\\/\\\/whitebrandhotels.com\\\/wp-content\\\/uploads\\\/2020\\\/10\\\/nuestra-historia2.jpg\",\"datePublished\":\"2021-01-28T11:34:08+00:00\",\"dateModified\":\"2021-04-21T10:17:24+00:00\",\"breadcrumb\":{\"@id\":\"https:\\\/\\\/whitebrandhotels.com\\\/es\\\/experiencia\\\/#breadcrumb\"},\"inLanguage\":\"es\",\"potentialAction\":[{\"@type\":\"ReadAction\",\"target\":[\"https:\\\/\\\/whitebrandhotels.com\\\/es\\\/experiencia\\\/\"]}]},{\"@type\":\"ImageObject\",\"inLanguage\":\"es\",\"@id\":\"https:\\\/\\\/whitebrandhotels.com\\\/es\\\/experiencia\\\/#primaryimage\",\"url\":\"https:\\\/\\\/whitebrandhotels.com\\\/wp-content\\\/uploads\\\/2020\\\/10\\\/nuestra-historia2.jpg\",\"contentUrl\":\"https:\\\/\\\/whitebrandhotels.com\\\/wp-content\\\/uploads\\\/2020\\\/10\\\/nuestra-historia2.jpg\"},{\"@type\":\"BreadcrumbList\",\"@id\":\"https:\\\/\\\/whitebrandhotels.com\\\/es\\\/experiencia\\\/#breadcrumb\",\"itemListElement\":[{\"@type\":\"ListItem\",\"position\":1,\"name\":\"Portada\",\"item\":\"https:\\\/\\\/whitebrandhotels.com\\\/es\\\/\"},{\"@type\":\"ListItem\",\"position\":2,\"name\":\"Experiencia\"}]},{\"@type\":\"WebSite\",\"@id\":\"https:\\\/\\\/whitebrandhotels.com\\\/#website\",\"url\":\"https:\\\/\\\/whitebrandhotels.com\\\/\",\"name\":\"White Brand Hotels\",\"description\":\"Hotel Management\",\"publisher\":{\"@id\":\"https:\\\/\\\/whitebrandhotels.com\\\/#organization\"},\"potentialAction\":[{\"@type\":\"SearchAction\",\"target\":{\"@type\":\"EntryPoint\",\"urlTemplate\":\"https:\\\/\\\/whitebrandhotels.com\\\/?s={search_term_string}\"},\"query-input\":{\"@type\":\"PropertyValueSpecification\",\"valueRequired\":true,\"valueName\":\"search_term_string\"}}],\"inLanguage\":\"es\"},{\"@type\":\"Organization\",\"@id\":\"https:\\\/\\\/whitebrandhotels.com\\\/#organization\",\"name\":\"White Brand Hotels\",\"url\":\"https:\\\/\\\/whitebrandhotels.com\\\/\",\"logo\":{\"@type\":\"ImageObject\",\"inLanguage\":\"es\",\"@id\":\"https:\\\/\\\/whitebrandhotels.com\\\/#\\\/schema\\\/logo\\\/image\\\/\",\"url\":\"https:\\\/\\\/whitebrandhotels.com\\\/wp-content\\\/uploads\\\/2021\\\/01\\\/logo-wbh-black.png\",\"contentUrl\":\"https:\\\/\\\/whitebrandhotels.com\\\/wp-content\\\/uploads\\\/2021\\\/01\\\/logo-wbh-black.png\",\"width\":250,\"height\":45,\"caption\":\"White Brand Hotels\"},\"image\":{\"@id\":\"https:\\\/\\\/whitebrandhotels.com\\\/#\\\/schema\\\/logo\\\/image\\\/\"},\"sameAs\":[\"https:\\\/\\\/www.instagram.com\\\/whitebrandhotels\",\"https:\\\/\\\/www.linkedin.com\\\/company\\\/whitebrandhotels\"]}]}<\/script>\n<!-- \/ Yoast SEO plugin. -->","yoast_head_json":{"title":"Experiencia - White Brand Hotels","robots":{"index":"index","follow":"follow","max-snippet":"max-snippet:-1","max-image-preview":"max-image-preview:large","max-video-preview":"max-video-preview:-1"},"canonical":"https:\/\/whitebrandhotels.com\/es\/experiencia\/","og_locale":"es_ES","og_type":"article","og_title":"Experiencia - White Brand Hotels","og_description":"Experiencia Experiencia, la mejor fuente de conocimiento Somos una empresa joven que cuenta con una gran experiencia en la gesti\u00f3n hotelera. Nuestra destreza en hoteles boutique es dif\u00edcil de superar. Si le fuera de inter\u00e9s, le invitamos a navegar en el mapa que aparece a continuaci\u00f3n para ver d\u00f3nde y para que hoteles hemos prestado &hellip; Experiencia Leer m\u00e1s &raquo;","og_url":"https:\/\/whitebrandhotels.com\/es\/experiencia\/","og_site_name":"White Brand Hotels","article_modified_time":"2021-04-21T10:17:24+00:00","og_image":[{"url":"https:\/\/whitebrandhotels.com\/wp-content\/uploads\/2020\/10\/nuestra-historia2.jpg","type":"","width":"","height":""}],"twitter_card":"summary_large_image","twitter_misc":{"Tiempo de lectura":"13 minutos"},"schema":{"@context":"https:\/\/schema.org","@graph":[{"@type":"WebPage","@id":"https:\/\/whitebrandhotels.com\/es\/experiencia\/","url":"https:\/\/whitebrandhotels.com\/es\/experiencia\/","name":"Experiencia - White Brand Hotels","isPartOf":{"@id":"https:\/\/whitebrandhotels.com\/#website"},"primaryImageOfPage":{"@id":"https:\/\/whitebrandhotels.com\/es\/experiencia\/#primaryimage"},"image":{"@id":"https:\/\/whitebrandhotels.com\/es\/experiencia\/#primaryimage"},"thumbnailUrl":"https:\/\/whitebrandhotels.com\/wp-content\/uploads\/2020\/10\/nuestra-historia2.jpg","datePublished":"2021-01-28T11:34:08+00:00","dateModified":"2021-04-21T10:17:24+00:00","breadcrumb":{"@id":"https:\/\/whitebrandhotels.com\/es\/experiencia\/#breadcrumb"},"inLanguage":"es","potentialAction":[{"@type":"ReadAction","target":["https:\/\/whitebrandhotels.com\/es\/experiencia\/"]}]},{"@type":"ImageObject","inLanguage":"es","@id":"https:\/\/whitebrandhotels.com\/es\/experiencia\/#primaryimage","url":"https:\/\/whitebrandhotels.com\/wp-content\/uploads\/2020\/10\/nuestra-historia2.jpg","contentUrl":"https:\/\/whitebrandhotels.com\/wp-content\/uploads\/2020\/10\/nuestra-historia2.jpg"},{"@type":"BreadcrumbList","@id":"https:\/\/whitebrandhotels.com\/es\/experiencia\/#breadcrumb","itemListElement":[{"@type":"ListItem","position":1,"name":"Portada","item":"https:\/\/whitebrandhotels.com\/es\/"},{"@type":"ListItem","position":2,"name":"Experiencia"}]},{"@type":"WebSite","@id":"https:\/\/whitebrandhotels.com\/#website","url":"https:\/\/whitebrandhotels.com\/","name":"White Brand Hotels","description":"Hotel Management","publisher":{"@id":"https:\/\/whitebrandhotels.com\/#organization"},"potentialAction":[{"@type":"SearchAction","target":{"@type":"EntryPoint","urlTemplate":"https:\/\/whitebrandhotels.com\/?s={search_term_string}"},"query-input":{"@type":"PropertyValueSpecification","valueRequired":true,"valueName":"search_term_string"}}],"inLanguage":"es"},{"@type":"Organization","@id":"https:\/\/whitebrandhotels.com\/#organization","name":"White Brand Hotels","url":"https:\/\/whitebrandhotels.com\/","logo":{"@type":"ImageObject","inLanguage":"es","@id":"https:\/\/whitebrandhotels.com\/#\/schema\/logo\/image\/","url":"https:\/\/whitebrandhotels.com\/wp-content\/uploads\/2021\/01\/logo-wbh-black.png","contentUrl":"https:\/\/whitebrandhotels.com\/wp-content\/uploads\/2021\/01\/logo-wbh-black.png","width":250,"height":45,"caption":"White Brand Hotels"},"image":{"@id":"https:\/\/whitebrandhotels.com\/#\/schema\/logo\/image\/"},"sameAs":["https:\/\/www.instagram.com\/whitebrandhotels","https:\/\/www.linkedin.com\/company\/whitebrandhotels"]}]}},"_links":{"self":[{"href":"https:\/\/whitebrandhotels.com\/es\/wp-json\/wp\/v2\/pages\/589","targetHints":{"allow":["GET"]}}],"collection":[{"href":"https:\/\/whitebrandhotels.com\/es\/wp-json\/wp\/v2\/pages"}],"about":[{"href":"https:\/\/whitebrandhotels.com\/es\/wp-json\/wp\/v2\/types\/page"}],"author":[{"embeddable":true,"href":"https:\/\/whitebrandhotels.com\/es\/wp-json\/wp\/v2\/users\/1"}],"replies":[{"embeddable":true,"href":"https:\/\/whitebrandhotels.com\/es\/wp-json\/wp\/v2\/comments?post=589"}],"version-history":[{"count":16,"href":"https:\/\/whitebrandhotels.com\/es\/wp-json\/wp\/v2\/pages\/589\/revisions"}],"predecessor-version":[{"id":1193,"href":"https:\/\/whitebrandhotels.com\/es\/wp-json\/wp\/v2\/pages\/589\/revisions\/1193"}],"wp:attachment":[{"href":"https:\/\/whitebrandhotels.com\/es\/wp-json\/wp\/v2\/media?parent=589"}],"curies":[{"name":"wp","href":"https:\/\/api.w.org\/{rel}","templated":true}]}}