{"id":604,"date":"2021-01-28T12:02:15","date_gmt":"2021-01-28T12:02:15","guid":{"rendered":"https:\/\/whitebrandhotels.lawebdetuvida.com\/inversion\/"},"modified":"2021-04-21T10:11:56","modified_gmt":"2021-04-21T10:11:56","slug":"inversion","status":"publish","type":"page","link":"https:\/\/whitebrandhotels.com\/es\/inversion\/","title":{"rendered":"Inversi\u00f3n"},"content":{"rendered":"<h1>Inversi\u00f3n<\/h1>\n<h2>Hoteles boutique, una inversi\u00f3n inteligente<\/h2>\n<p>Los hoteles boutique tienen un reclamo enorme entre los viajeros de todas las edades. De que cada vez m\u00e1s, el viajero se vuelve m\u00e1s exigente y busca m\u00e1s autenticidad: quiere vivir una experiencia, interactuar con el personal y hacer amigos durante su estancia. Los hoteles boutique pueden reunir todos estos componentes pero, debido a la dificultad de mantener la operativa eficiente, hace que muchos hoteleros no alcanzan sus objetivos financieros.<\/p>\n<p>No necesariamente todos los hoteles boutique son una buena inversi\u00f3n, sin embargo, teniendo una clara estrategia, un concepto bien ejecutado y una gesti\u00f3n adecuada, los hoteles boutique pueden ser altamente rentables.<\/p>\n<p>\t\t\t<a href=\"https:\/\/whitebrandhotels.com\/es\/contacto\/\" role=\"button\"><br \/>\n\t\t\t\t\t\tCONTACTA CON NOSOTROS<br \/>\n\t\t\t\t\t<\/a><br \/>\n\t\t\t\t\t\t\t\t\t\t<img decoding=\"async\" width=\"768\" height=\"768\" src=\"https:\/\/whitebrandhotels.com\/wp-content\/uploads\/2021\/02\/newspaper-chica-768x768.jpg\" alt=\"\" loading=\"lazy\" srcset=\"https:\/\/whitebrandhotels.com\/wp-content\/uploads\/2021\/02\/newspaper-chica-768x768.jpg 768w, https:\/\/whitebrandhotels.com\/wp-content\/uploads\/2021\/02\/newspaper-chica-300x300.jpg 300w, https:\/\/whitebrandhotels.com\/wp-content\/uploads\/2021\/02\/newspaper-chica-1024x1024.jpg 1024w, https:\/\/whitebrandhotels.com\/wp-content\/uploads\/2021\/02\/newspaper-chica-150x150.jpg 150w, https:\/\/whitebrandhotels.com\/wp-content\/uploads\/2021\/02\/newspaper-chica-1536x1536.jpg 1536w, https:\/\/whitebrandhotels.com\/wp-content\/uploads\/2021\/02\/newspaper-chica.jpg 1920w\" sizes=\"auto, (max-width: 768px) 100vw, 768px\" \/><br \/>\n\t\t\t\t\t\t\t\t\t\t<img decoding=\"async\" width=\"530\" height=\"491\" src=\"https:\/\/whitebrandhotels.com\/wp-content\/uploads\/2021\/01\/investments2.jpg\" alt=\"\" loading=\"lazy\" srcset=\"https:\/\/whitebrandhotels.com\/wp-content\/uploads\/2021\/01\/investments2.jpg 530w, https:\/\/whitebrandhotels.com\/wp-content\/uploads\/2021\/01\/investments2-300x278.jpg 300w\" sizes=\"auto, (max-width: 530px) 100vw, 530px\" \/>\t\t\t\t\t\t\t\t\t\t\t<\/p>\n<p>En White Brand Hotels vemos oportunidades, elaboramos un concepto, preparamos un plan de negocios de 5 a\u00f1os y un estudio de gastos de renovaci\u00f3n. Solo si cre\u00e9mos que la inversi\u00f3n es segura y ofrece un ROI alto, se la presentamos a nuestros clientes.<\/p>\n<p>La ubicaci\u00f3n y la estacionalidad son de suma importancia para el \u00e9xito de la propiedad y, por supuesto, para su aumento en el valor inmobiliario.<br \/>\nCon todas las herramientas hoy en d\u00eda disponibles online y en un mundo de globalizaci\u00f3n digital, es dif\u00edcil justificar la necesidad de pertenecer a una franquicia o cadena.<\/p>\n<p>La gesti\u00f3n hotelera 2.0, representada por White Brand Hotels, abre el camino para un nuevo tipo de gesti\u00f3n. En ella, la rentabilidad ser\u00e1 un factor com\u00fan y el valor del activo incrementar\u00e1 con el paso del tiempo, seg\u00fan White Brand Hotels vaya consiguiendo los objetivos marcados para el hotel.<\/p>\n","protected":false},"excerpt":{"rendered":"<p>Inversi\u00f3n Hoteles boutique, una inversi\u00f3n inteligente Los hoteles boutique tienen un reclamo enorme entre los viajeros de todas las edades. De que cada vez m\u00e1s, el viajero se vuelve m\u00e1s exigente y busca m\u00e1s autenticidad: quiere vivir una experiencia, interactuar con el personal y hacer amigos durante su estancia. Los hoteles boutique pueden reunir todos &hellip;<\/p>\n<p class=\"read-more\"> <a class=\"\" href=\"https:\/\/whitebrandhotels.com\/es\/inversion\/\"> <span class=\"screen-reader-text\">Inversi\u00f3n<\/span> Leer m\u00e1s &raquo;<\/a><\/p>\n","protected":false},"author":1,"featured_media":0,"parent":0,"menu_order":0,"comment_status":"closed","ping_status":"closed","template":"","meta":{"_monsterinsights_skip_tracking":false,"_monsterinsights_sitenote_active":false,"_monsterinsights_sitenote_note":"","_monsterinsights_sitenote_category":0,"site-sidebar-layout":"no-sidebar","site-content-layout":"page-builder","ast-global-header-display":"","ast-main-header-display":"","ast-hfb-above-header-display":"","ast-hfb-below-header-display":"","ast-hfb-mobile-header-display":"","site-post-title":"disabled","ast-breadcrumbs-content":"","ast-featured-img":"disabled","footer-sml-layout":"","theme-transparent-header-meta":"default","adv-header-id-meta":"","stick-header-meta":"","header-above-stick-meta":"","header-main-stick-meta":"","header-below-stick-meta":"","footnotes":""},"class_list":["post-604","page","type-page","status-publish","hentry"],"yoast_head":"<!-- This site is optimized with the Yoast SEO plugin v27.4 - https:\/\/yoast.com\/product\/yoast-seo-wordpress\/ -->\n<title>Inversi\u00f3n - White Brand Hotels<\/title>\n<meta name=\"robots\" content=\"index, follow, max-snippet:-1, max-image-preview:large, max-video-preview:-1\" \/>\n<link rel=\"canonical\" href=\"https:\/\/whitebrandhotels.com\/es\/inversion\/\" \/>\n<meta property=\"og:locale\" content=\"es_ES\" \/>\n<meta property=\"og:type\" content=\"article\" \/>\n<meta property=\"og:title\" content=\"Inversi\u00f3n - White Brand Hotels\" \/>\n<meta property=\"og:description\" content=\"Inversi\u00f3n Hoteles boutique, una inversi\u00f3n inteligente Los hoteles boutique tienen un reclamo enorme entre los viajeros de todas las edades. De que cada vez m\u00e1s, el viajero se vuelve m\u00e1s exigente y busca m\u00e1s autenticidad: quiere vivir una experiencia, interactuar con el personal y hacer amigos durante su estancia. Los hoteles boutique pueden reunir todos &hellip; Inversi\u00f3n Leer m\u00e1s &raquo;\" \/>\n<meta property=\"og:url\" content=\"https:\/\/whitebrandhotels.com\/es\/inversion\/\" \/>\n<meta property=\"og:site_name\" content=\"White Brand Hotels\" \/>\n<meta property=\"article:modified_time\" content=\"2021-04-21T10:11:56+00:00\" \/>\n<meta property=\"og:image\" content=\"https:\/\/whitebrandhotels.com\/wp-content\/uploads\/2021\/02\/newspaper-chica-768x768.jpg\" \/>\n<meta name=\"twitter:card\" content=\"summary_large_image\" \/>\n<meta name=\"twitter:label1\" content=\"Tiempo de lectura\" \/>\n\t<meta name=\"twitter:data1\" content=\"2 minutos\" \/>\n<script type=\"application\/ld+json\" class=\"yoast-schema-graph\">{\"@context\":\"https:\\\/\\\/schema.org\",\"@graph\":[{\"@type\":\"WebPage\",\"@id\":\"https:\\\/\\\/whitebrandhotels.com\\\/es\\\/inversion\\\/\",\"url\":\"https:\\\/\\\/whitebrandhotels.com\\\/es\\\/inversion\\\/\",\"name\":\"Inversi\u00f3n - White Brand Hotels\",\"isPartOf\":{\"@id\":\"https:\\\/\\\/whitebrandhotels.com\\\/#website\"},\"primaryImageOfPage\":{\"@id\":\"https:\\\/\\\/whitebrandhotels.com\\\/es\\\/inversion\\\/#primaryimage\"},\"image\":{\"@id\":\"https:\\\/\\\/whitebrandhotels.com\\\/es\\\/inversion\\\/#primaryimage\"},\"thumbnailUrl\":\"https:\\\/\\\/whitebrandhotels.com\\\/wp-content\\\/uploads\\\/2021\\\/02\\\/newspaper-chica-768x768.jpg\",\"datePublished\":\"2021-01-28T12:02:15+00:00\",\"dateModified\":\"2021-04-21T10:11:56+00:00\",\"breadcrumb\":{\"@id\":\"https:\\\/\\\/whitebrandhotels.com\\\/es\\\/inversion\\\/#breadcrumb\"},\"inLanguage\":\"es\",\"potentialAction\":[{\"@type\":\"ReadAction\",\"target\":[\"https:\\\/\\\/whitebrandhotels.com\\\/es\\\/inversion\\\/\"]}]},{\"@type\":\"ImageObject\",\"inLanguage\":\"es\",\"@id\":\"https:\\\/\\\/whitebrandhotels.com\\\/es\\\/inversion\\\/#primaryimage\",\"url\":\"https:\\\/\\\/whitebrandhotels.com\\\/wp-content\\\/uploads\\\/2021\\\/02\\\/newspaper-chica-768x768.jpg\",\"contentUrl\":\"https:\\\/\\\/whitebrandhotels.com\\\/wp-content\\\/uploads\\\/2021\\\/02\\\/newspaper-chica-768x768.jpg\"},{\"@type\":\"BreadcrumbList\",\"@id\":\"https:\\\/\\\/whitebrandhotels.com\\\/es\\\/inversion\\\/#breadcrumb\",\"itemListElement\":[{\"@type\":\"ListItem\",\"position\":1,\"name\":\"Portada\",\"item\":\"https:\\\/\\\/whitebrandhotels.com\\\/es\\\/\"},{\"@type\":\"ListItem\",\"position\":2,\"name\":\"Inversi\u00f3n\"}]},{\"@type\":\"WebSite\",\"@id\":\"https:\\\/\\\/whitebrandhotels.com\\\/#website\",\"url\":\"https:\\\/\\\/whitebrandhotels.com\\\/\",\"name\":\"White Brand Hotels\",\"description\":\"Hotel Management\",\"publisher\":{\"@id\":\"https:\\\/\\\/whitebrandhotels.com\\\/#organization\"},\"potentialAction\":[{\"@type\":\"SearchAction\",\"target\":{\"@type\":\"EntryPoint\",\"urlTemplate\":\"https:\\\/\\\/whitebrandhotels.com\\\/?s={search_term_string}\"},\"query-input\":{\"@type\":\"PropertyValueSpecification\",\"valueRequired\":true,\"valueName\":\"search_term_string\"}}],\"inLanguage\":\"es\"},{\"@type\":\"Organization\",\"@id\":\"https:\\\/\\\/whitebrandhotels.com\\\/#organization\",\"name\":\"White Brand Hotels\",\"url\":\"https:\\\/\\\/whitebrandhotels.com\\\/\",\"logo\":{\"@type\":\"ImageObject\",\"inLanguage\":\"es\",\"@id\":\"https:\\\/\\\/whitebrandhotels.com\\\/#\\\/schema\\\/logo\\\/image\\\/\",\"url\":\"https:\\\/\\\/whitebrandhotels.com\\\/wp-content\\\/uploads\\\/2021\\\/01\\\/logo-wbh-black.png\",\"contentUrl\":\"https:\\\/\\\/whitebrandhotels.com\\\/wp-content\\\/uploads\\\/2021\\\/01\\\/logo-wbh-black.png\",\"width\":250,\"height\":45,\"caption\":\"White Brand Hotels\"},\"image\":{\"@id\":\"https:\\\/\\\/whitebrandhotels.com\\\/#\\\/schema\\\/logo\\\/image\\\/\"},\"sameAs\":[\"https:\\\/\\\/www.instagram.com\\\/whitebrandhotels\",\"https:\\\/\\\/www.linkedin.com\\\/company\\\/whitebrandhotels\"]}]}<\/script>\n<!-- \/ Yoast SEO plugin. -->","yoast_head_json":{"title":"Inversi\u00f3n - White Brand Hotels","robots":{"index":"index","follow":"follow","max-snippet":"max-snippet:-1","max-image-preview":"max-image-preview:large","max-video-preview":"max-video-preview:-1"},"canonical":"https:\/\/whitebrandhotels.com\/es\/inversion\/","og_locale":"es_ES","og_type":"article","og_title":"Inversi\u00f3n - White Brand Hotels","og_description":"Inversi\u00f3n Hoteles boutique, una inversi\u00f3n inteligente Los hoteles boutique tienen un reclamo enorme entre los viajeros de todas las edades. De que cada vez m\u00e1s, el viajero se vuelve m\u00e1s exigente y busca m\u00e1s autenticidad: quiere vivir una experiencia, interactuar con el personal y hacer amigos durante su estancia. Los hoteles boutique pueden reunir todos &hellip; Inversi\u00f3n Leer m\u00e1s &raquo;","og_url":"https:\/\/whitebrandhotels.com\/es\/inversion\/","og_site_name":"White Brand Hotels","article_modified_time":"2021-04-21T10:11:56+00:00","og_image":[{"url":"https:\/\/whitebrandhotels.com\/wp-content\/uploads\/2021\/02\/newspaper-chica-768x768.jpg","type":"","width":"","height":""}],"twitter_card":"summary_large_image","twitter_misc":{"Tiempo de lectura":"2 minutos"},"schema":{"@context":"https:\/\/schema.org","@graph":[{"@type":"WebPage","@id":"https:\/\/whitebrandhotels.com\/es\/inversion\/","url":"https:\/\/whitebrandhotels.com\/es\/inversion\/","name":"Inversi\u00f3n - White Brand Hotels","isPartOf":{"@id":"https:\/\/whitebrandhotels.com\/#website"},"primaryImageOfPage":{"@id":"https:\/\/whitebrandhotels.com\/es\/inversion\/#primaryimage"},"image":{"@id":"https:\/\/whitebrandhotels.com\/es\/inversion\/#primaryimage"},"thumbnailUrl":"https:\/\/whitebrandhotels.com\/wp-content\/uploads\/2021\/02\/newspaper-chica-768x768.jpg","datePublished":"2021-01-28T12:02:15+00:00","dateModified":"2021-04-21T10:11:56+00:00","breadcrumb":{"@id":"https:\/\/whitebrandhotels.com\/es\/inversion\/#breadcrumb"},"inLanguage":"es","potentialAction":[{"@type":"ReadAction","target":["https:\/\/whitebrandhotels.com\/es\/inversion\/"]}]},{"@type":"ImageObject","inLanguage":"es","@id":"https:\/\/whitebrandhotels.com\/es\/inversion\/#primaryimage","url":"https:\/\/whitebrandhotels.com\/wp-content\/uploads\/2021\/02\/newspaper-chica-768x768.jpg","contentUrl":"https:\/\/whitebrandhotels.com\/wp-content\/uploads\/2021\/02\/newspaper-chica-768x768.jpg"},{"@type":"BreadcrumbList","@id":"https:\/\/whitebrandhotels.com\/es\/inversion\/#breadcrumb","itemListElement":[{"@type":"ListItem","position":1,"name":"Portada","item":"https:\/\/whitebrandhotels.com\/es\/"},{"@type":"ListItem","position":2,"name":"Inversi\u00f3n"}]},{"@type":"WebSite","@id":"https:\/\/whitebrandhotels.com\/#website","url":"https:\/\/whitebrandhotels.com\/","name":"White Brand Hotels","description":"Hotel Management","publisher":{"@id":"https:\/\/whitebrandhotels.com\/#organization"},"potentialAction":[{"@type":"SearchAction","target":{"@type":"EntryPoint","urlTemplate":"https:\/\/whitebrandhotels.com\/?s={search_term_string}"},"query-input":{"@type":"PropertyValueSpecification","valueRequired":true,"valueName":"search_term_string"}}],"inLanguage":"es"},{"@type":"Organization","@id":"https:\/\/whitebrandhotels.com\/#organization","name":"White Brand Hotels","url":"https:\/\/whitebrandhotels.com\/","logo":{"@type":"ImageObject","inLanguage":"es","@id":"https:\/\/whitebrandhotels.com\/#\/schema\/logo\/image\/","url":"https:\/\/whitebrandhotels.com\/wp-content\/uploads\/2021\/01\/logo-wbh-black.png","contentUrl":"https:\/\/whitebrandhotels.com\/wp-content\/uploads\/2021\/01\/logo-wbh-black.png","width":250,"height":45,"caption":"White Brand Hotels"},"image":{"@id":"https:\/\/whitebrandhotels.com\/#\/schema\/logo\/image\/"},"sameAs":["https:\/\/www.instagram.com\/whitebrandhotels","https:\/\/www.linkedin.com\/company\/whitebrandhotels"]}]}},"_links":{"self":[{"href":"https:\/\/whitebrandhotels.com\/es\/wp-json\/wp\/v2\/pages\/604","targetHints":{"allow":["GET"]}}],"collection":[{"href":"https:\/\/whitebrandhotels.com\/es\/wp-json\/wp\/v2\/pages"}],"about":[{"href":"https:\/\/whitebrandhotels.com\/es\/wp-json\/wp\/v2\/types\/page"}],"author":[{"embeddable":true,"href":"https:\/\/whitebrandhotels.com\/es\/wp-json\/wp\/v2\/users\/1"}],"replies":[{"embeddable":true,"href":"https:\/\/whitebrandhotels.com\/es\/wp-json\/wp\/v2\/comments?post=604"}],"version-history":[{"count":43,"href":"https:\/\/whitebrandhotels.com\/es\/wp-json\/wp\/v2\/pages\/604\/revisions"}],"predecessor-version":[{"id":1192,"href":"https:\/\/whitebrandhotels.com\/es\/wp-json\/wp\/v2\/pages\/604\/revisions\/1192"}],"wp:attachment":[{"href":"https:\/\/whitebrandhotels.com\/es\/wp-json\/wp\/v2\/media?parent=604"}],"curies":[{"name":"wp","href":"https:\/\/api.w.org\/{rel}","templated":true}]}}