{"id":619,"date":"2021-01-28T12:12:40","date_gmt":"2021-01-28T12:12:40","guid":{"rendered":"https:\/\/whitebrandhotels.lawebdetuvida.com\/aviso-legal\/"},"modified":"2021-01-28T12:14:09","modified_gmt":"2021-01-28T12:14:09","slug":"aviso-legal","status":"publish","type":"page","link":"https:\/\/whitebrandhotels.com\/es\/aviso-legal\/","title":{"rendered":"Aviso legal"},"content":{"rendered":"<p>Est\u00e1s en un espacio comprometido con los derechos de sus usuarios y por raz\u00f3n, tendr\u00e1s m\u00e1xima transparencia y rigor sobre todo que necesitas saber sobre esta web.<\/p>\n<p>Esta web cumple rigurosamente con la Ley Org\u00e1nica 3\/2018, de 5 de diciembre, de Protecci\u00f3n de Datos Personales y garant\u00eda de los derechos digitales (LOPDGDD). Cumple tambi\u00e9n con el Reglamento (UE) 2016\/679 del Parlamento Europeo y del Consejo de 27 de abril de 2016 relativo a la protecci\u00f3n de las personas f\u00edsicas (RGPD), as\u00ed como con la Ley 34\/2002, de 11 de julio, de Servicios de la Sociedad de la Informaci\u00f3n y Comercio Electr\u00f3nico (LSSICE o LSSI).<\/p>\n<p>Los servicios y\/o productos est\u00e1n disponibles s\u00f3lo para las personas jur\u00eddicas y las personas que tengan 16 a\u00f1os.<\/p>\n<h3>Identificador del responsable de la web<\/h3>\n<ol>\n<li>Denominaci\u00f3n social: White Brand Hotels S.L.<\/li>\n<li>NIF\/CIF: B67269373<\/li>\n<li>Domicilio social: C\/ Churruca, n\u00ba 75. 2\u00aa Planta 2\u00ba Piso, 08301 Matar\u00f3, Spain<\/li>\n<li>Correo electr\u00f3nico: info@whitebrandhotels.com<\/li>\n<li>Actividad: gestor\u00eda hotelera y consultor\u00eda<\/li>\n<\/ol>\n<h3>Compromisos y obligaciones de los usuarios<\/h3>\n<p>El usuario queda informado, y acepta, que el acceso a la presente web no supone, en modo alguno, el inicio de una relaci\u00f3n comercial con White Brand Hotels S.L.. De esta forma, el usuario se compromete a utilizar el sitio web, sus servicios y contenidos sin contravenir la legislaci\u00f3n vigente, la buena fe y el orden p\u00fablico.<\/p>\n<p>Queda prohibido el uso de la web, con fines il\u00edcitos o lesivos, o que, de cualquier forma, puedan causar perjuicio o impedir el normal funcionamiento del sitio web. Respecto de los contenidos de esta web, se proh\u00edbe:<\/p>\n<ul>\n<li>Su reproducci\u00f3n, distribuci\u00f3n o modificaci\u00f3n, total o parcial, a menos que se cuente con mi autorizaci\u00f3n como leg\u00edtimo titular.<\/li>\n<li>Cualquier vulneraci\u00f3n de los derechos del prestador o de mi como leg\u00edtimo titular.<\/li>\n<li> \tSu utilizaci\u00f3n para fines comerciales o publicitarios.<\/li>\n<\/ul>\n<p>En la utilizaci\u00f3n de la web whitebrandhotels.com el usuario se compromete a no llevar a cabo ninguna conducta que pudiera da\u00f1ar la imagen, los intereses y los derechos de White Brand Hotels S.L. o de terceros o que pudiera da\u00f1ar, inutilizar o sobrecargar el portal whitebrandhotels.com o que impidiera, de cualquier forma, la normal utilizaci\u00f3n de la web.<\/p>\n<p>No obstante, el usuario debe ser consciente de que las medidas de seguridad de los sistemas inform\u00e1ticos en Internet no son enteramente fiables y que, por tanto whitebrandhotels.com no puede garantizar la inexistencia de malware u otros elementos que puedan producir alteraciones en los sistemas inform\u00e1ticos (software y hardware) del usuario o en sus documentos electr\u00f3nicos y ficheros contenidos en los mismos aunque pongo todos los medios necesarios y las medidas de seguridad oportunas para evitar la presencia de estos elementos da\u00f1inos.<\/p>\n<h3>Medidas de seguridad<\/h3>\n<p>Los datos personales comunicados por el usuario a White Brand Hotels S.L. pueden ser almacenados en bases de datos automatizadas o no, cuya titularidad corresponde en exclusiva a White Brand Hotels S.L., asumiendo \u00e9sta todas las medidas de \u00edndole t\u00e9cnica, organizativa y de seguridad que garantizan la confidencialidad, integridad y calidad de la informaci\u00f3n contenida en las mismas de acuerdo con lo establecido en la normativa vigente en protecci\u00f3n de datos. <\/p>\n<p>La comunicaci\u00f3n entre los usuarios y whitebrandhotels.com utiliza un canal seguro, y los  datos transmitidos son cifrados gracias a protocolos a https, por tanto, garantizo las mejores  condiciones de seguridad para que la confidencialidad de los usuarios est\u00e9 garantizada.<\/p>\n<h3>Plataforma de resoluci\u00f3n de conflictos<\/h3>\n<p>Ponemos tambi\u00e9n a disposici\u00f3n de los usuarios la plataforma de resoluci\u00f3n de litigios que facilita la Comisi\u00f3n Europea y que se encuentra disponible en el siguiente enlace: http:\/\/ec.europa.eu\/consumers\/odr\/<\/p>\n<h3>Exclusi\u00f3n de garant\u00edas y responsable<\/h3>\n<p>White Brand Hotels S.L. no otorga ninguna garant\u00eda ni se hace responsable, en ning\u00fan caso, de los da\u00f1os y perjuicios de cualquier naturaleza que pudieran traer causa de:<\/p>\n<ul>\n<li>La falta de disponibilidad, mantenimiento y efectivo funcionamiento de la web, o de sus servicios y contenidos.<\/li>\n<li>La existencia de malware, programas maliciosos o lesivos en los contenidos.<\/li>\n<li>El uso il\u00edcito, negligente, fraudulento o contrario a este Aviso Legal.<\/li>\n<li>La falta de licitud, calidad, fiabilidad, utilidad y disponibilidad de los servicios prestados por terceros y puestos a disposici\u00f3n de los usuarios en el sitio web.<\/li>\n<li>El prestador no se hace responsable bajo ning\u00fan concepto de los da\u00f1os que pudieran dimanar del uso ilegal o indebido de la presente p\u00e1gina web.<\/li>\n<\/ul>\n<h3> Ley aplicable y jurisdicci\u00f3n <\/h3>\n<p>Con car\u00e1cter general las relaciones entre White Brand Hotels S.L. con los usuarios de sus servicios telem\u00e1ticos, presentes en esta web se encuentran sometidas a la legislaci\u00f3n y jurisdicci\u00f3n espa\u00f1olas y a los tribunales de Barcelona.<\/p>\n<p>En caso de que cualquier usuario tuviese alguna duda acerca de estas Condiciones legales o cualquier comentario sobre el portal whitebrandhotels.com, por favor dir\u00edjase a info@whitebrandhotels.com.<\/p>\n<p>El aviso legal  ha sido actualizado por \u00faltima vez el 25\/01\/2021.<\/p>\n","protected":false},"excerpt":{"rendered":"<p>Est\u00e1s en un espacio comprometido con los derechos de sus usuarios y por raz\u00f3n, tendr\u00e1s m\u00e1xima transparencia y rigor sobre todo que necesitas saber sobre esta web. Esta web cumple rigurosamente con la Ley Org\u00e1nica 3\/2018, de 5 de diciembre, de Protecci\u00f3n de Datos Personales y garant\u00eda de los derechos digitales (LOPDGDD). Cumple tambi\u00e9n con &hellip;<\/p>\n<p class=\"read-more\"> <a class=\"\" href=\"https:\/\/whitebrandhotels.com\/es\/aviso-legal\/\"> <span class=\"screen-reader-text\">Aviso legal<\/span> Leer m\u00e1s &raquo;<\/a><\/p>\n","protected":false},"author":1,"featured_media":0,"parent":0,"menu_order":0,"comment_status":"closed","ping_status":"closed","template":"","meta":{"_monsterinsights_skip_tracking":false,"_monsterinsights_sitenote_active":false,"_monsterinsights_sitenote_note":"","_monsterinsights_sitenote_category":0,"site-sidebar-layout":"default","site-content-layout":"default","ast-global-header-display":"","ast-main-header-display":"","ast-hfb-above-header-display":"","ast-hfb-below-header-display":"","ast-hfb-mobile-header-display":"","site-post-title":"","ast-breadcrumbs-content":"","ast-featured-img":"","footer-sml-layout":"","theme-transparent-header-meta":"default","adv-header-id-meta":"","stick-header-meta":"","header-above-stick-meta":"","header-main-stick-meta":"","header-below-stick-meta":"","footnotes":""},"class_list":["post-619","page","type-page","status-publish","hentry"],"yoast_head":"<!-- This site is optimized with the Yoast SEO plugin v27.4 - https:\/\/yoast.com\/product\/yoast-seo-wordpress\/ -->\n<title>Aviso legal - White Brand Hotels<\/title>\n<meta name=\"robots\" content=\"noindex, follow\" \/>\n<meta property=\"og:locale\" content=\"es_ES\" \/>\n<meta property=\"og:type\" content=\"article\" \/>\n<meta property=\"og:title\" content=\"Aviso legal - White Brand Hotels\" \/>\n<meta property=\"og:description\" content=\"Est\u00e1s en un espacio comprometido con los derechos de sus usuarios y por raz\u00f3n, tendr\u00e1s m\u00e1xima transparencia y rigor sobre todo que necesitas saber sobre esta web. Esta web cumple rigurosamente con la Ley Org\u00e1nica 3\/2018, de 5 de diciembre, de Protecci\u00f3n de Datos Personales y garant\u00eda de los derechos digitales (LOPDGDD). Cumple tambi\u00e9n con &hellip; Aviso legal Leer m\u00e1s &raquo;\" \/>\n<meta property=\"og:url\" content=\"https:\/\/whitebrandhotels.com\/es\/aviso-legal\/\" \/>\n<meta property=\"og:site_name\" content=\"White Brand Hotels\" \/>\n<meta property=\"article:modified_time\" content=\"2021-01-28T12:14:09+00:00\" \/>\n<meta name=\"twitter:card\" content=\"summary_large_image\" \/>\n<meta name=\"twitter:label1\" content=\"Tiempo de lectura\" \/>\n\t<meta name=\"twitter:data1\" content=\"4 minutos\" \/>\n<script type=\"application\/ld+json\" class=\"yoast-schema-graph\">{\"@context\":\"https:\\\/\\\/schema.org\",\"@graph\":[{\"@type\":\"WebPage\",\"@id\":\"https:\\\/\\\/whitebrandhotels.com\\\/es\\\/aviso-legal\\\/\",\"url\":\"https:\\\/\\\/whitebrandhotels.com\\\/es\\\/aviso-legal\\\/\",\"name\":\"Aviso legal - White Brand Hotels\",\"isPartOf\":{\"@id\":\"https:\\\/\\\/whitebrandhotels.com\\\/#website\"},\"datePublished\":\"2021-01-28T12:12:40+00:00\",\"dateModified\":\"2021-01-28T12:14:09+00:00\",\"breadcrumb\":{\"@id\":\"https:\\\/\\\/whitebrandhotels.com\\\/es\\\/aviso-legal\\\/#breadcrumb\"},\"inLanguage\":\"es\",\"potentialAction\":[{\"@type\":\"ReadAction\",\"target\":[\"https:\\\/\\\/whitebrandhotels.com\\\/es\\\/aviso-legal\\\/\"]}]},{\"@type\":\"BreadcrumbList\",\"@id\":\"https:\\\/\\\/whitebrandhotels.com\\\/es\\\/aviso-legal\\\/#breadcrumb\",\"itemListElement\":[{\"@type\":\"ListItem\",\"position\":1,\"name\":\"Portada\",\"item\":\"https:\\\/\\\/whitebrandhotels.com\\\/es\\\/\"},{\"@type\":\"ListItem\",\"position\":2,\"name\":\"Aviso legal\"}]},{\"@type\":\"WebSite\",\"@id\":\"https:\\\/\\\/whitebrandhotels.com\\\/#website\",\"url\":\"https:\\\/\\\/whitebrandhotels.com\\\/\",\"name\":\"White Brand Hotels\",\"description\":\"Hotel Management\",\"publisher\":{\"@id\":\"https:\\\/\\\/whitebrandhotels.com\\\/#organization\"},\"potentialAction\":[{\"@type\":\"SearchAction\",\"target\":{\"@type\":\"EntryPoint\",\"urlTemplate\":\"https:\\\/\\\/whitebrandhotels.com\\\/?s={search_term_string}\"},\"query-input\":{\"@type\":\"PropertyValueSpecification\",\"valueRequired\":true,\"valueName\":\"search_term_string\"}}],\"inLanguage\":\"es\"},{\"@type\":\"Organization\",\"@id\":\"https:\\\/\\\/whitebrandhotels.com\\\/#organization\",\"name\":\"White Brand Hotels\",\"url\":\"https:\\\/\\\/whitebrandhotels.com\\\/\",\"logo\":{\"@type\":\"ImageObject\",\"inLanguage\":\"es\",\"@id\":\"https:\\\/\\\/whitebrandhotels.com\\\/#\\\/schema\\\/logo\\\/image\\\/\",\"url\":\"https:\\\/\\\/whitebrandhotels.com\\\/wp-content\\\/uploads\\\/2021\\\/01\\\/logo-wbh-black.png\",\"contentUrl\":\"https:\\\/\\\/whitebrandhotels.com\\\/wp-content\\\/uploads\\\/2021\\\/01\\\/logo-wbh-black.png\",\"width\":250,\"height\":45,\"caption\":\"White Brand Hotels\"},\"image\":{\"@id\":\"https:\\\/\\\/whitebrandhotels.com\\\/#\\\/schema\\\/logo\\\/image\\\/\"},\"sameAs\":[\"https:\\\/\\\/www.instagram.com\\\/whitebrandhotels\",\"https:\\\/\\\/www.linkedin.com\\\/company\\\/whitebrandhotels\"]}]}<\/script>\n<!-- \/ Yoast SEO plugin. -->","yoast_head_json":{"title":"Aviso legal - White Brand Hotels","robots":{"index":"noindex","follow":"follow"},"og_locale":"es_ES","og_type":"article","og_title":"Aviso legal - White Brand Hotels","og_description":"Est\u00e1s en un espacio comprometido con los derechos de sus usuarios y por raz\u00f3n, tendr\u00e1s m\u00e1xima transparencia y rigor sobre todo que necesitas saber sobre esta web. Esta web cumple rigurosamente con la Ley Org\u00e1nica 3\/2018, de 5 de diciembre, de Protecci\u00f3n de Datos Personales y garant\u00eda de los derechos digitales (LOPDGDD). Cumple tambi\u00e9n con &hellip; Aviso legal Leer m\u00e1s &raquo;","og_url":"https:\/\/whitebrandhotels.com\/es\/aviso-legal\/","og_site_name":"White Brand Hotels","article_modified_time":"2021-01-28T12:14:09+00:00","twitter_card":"summary_large_image","twitter_misc":{"Tiempo de lectura":"4 minutos"},"schema":{"@context":"https:\/\/schema.org","@graph":[{"@type":"WebPage","@id":"https:\/\/whitebrandhotels.com\/es\/aviso-legal\/","url":"https:\/\/whitebrandhotels.com\/es\/aviso-legal\/","name":"Aviso legal - White Brand Hotels","isPartOf":{"@id":"https:\/\/whitebrandhotels.com\/#website"},"datePublished":"2021-01-28T12:12:40+00:00","dateModified":"2021-01-28T12:14:09+00:00","breadcrumb":{"@id":"https:\/\/whitebrandhotels.com\/es\/aviso-legal\/#breadcrumb"},"inLanguage":"es","potentialAction":[{"@type":"ReadAction","target":["https:\/\/whitebrandhotels.com\/es\/aviso-legal\/"]}]},{"@type":"BreadcrumbList","@id":"https:\/\/whitebrandhotels.com\/es\/aviso-legal\/#breadcrumb","itemListElement":[{"@type":"ListItem","position":1,"name":"Portada","item":"https:\/\/whitebrandhotels.com\/es\/"},{"@type":"ListItem","position":2,"name":"Aviso legal"}]},{"@type":"WebSite","@id":"https:\/\/whitebrandhotels.com\/#website","url":"https:\/\/whitebrandhotels.com\/","name":"White Brand Hotels","description":"Hotel Management","publisher":{"@id":"https:\/\/whitebrandhotels.com\/#organization"},"potentialAction":[{"@type":"SearchAction","target":{"@type":"EntryPoint","urlTemplate":"https:\/\/whitebrandhotels.com\/?s={search_term_string}"},"query-input":{"@type":"PropertyValueSpecification","valueRequired":true,"valueName":"search_term_string"}}],"inLanguage":"es"},{"@type":"Organization","@id":"https:\/\/whitebrandhotels.com\/#organization","name":"White Brand Hotels","url":"https:\/\/whitebrandhotels.com\/","logo":{"@type":"ImageObject","inLanguage":"es","@id":"https:\/\/whitebrandhotels.com\/#\/schema\/logo\/image\/","url":"https:\/\/whitebrandhotels.com\/wp-content\/uploads\/2021\/01\/logo-wbh-black.png","contentUrl":"https:\/\/whitebrandhotels.com\/wp-content\/uploads\/2021\/01\/logo-wbh-black.png","width":250,"height":45,"caption":"White Brand Hotels"},"image":{"@id":"https:\/\/whitebrandhotels.com\/#\/schema\/logo\/image\/"},"sameAs":["https:\/\/www.instagram.com\/whitebrandhotels","https:\/\/www.linkedin.com\/company\/whitebrandhotels"]}]}},"_links":{"self":[{"href":"https:\/\/whitebrandhotels.com\/es\/wp-json\/wp\/v2\/pages\/619","targetHints":{"allow":["GET"]}}],"collection":[{"href":"https:\/\/whitebrandhotels.com\/es\/wp-json\/wp\/v2\/pages"}],"about":[{"href":"https:\/\/whitebrandhotels.com\/es\/wp-json\/wp\/v2\/types\/page"}],"author":[{"embeddable":true,"href":"https:\/\/whitebrandhotels.com\/es\/wp-json\/wp\/v2\/users\/1"}],"replies":[{"embeddable":true,"href":"https:\/\/whitebrandhotels.com\/es\/wp-json\/wp\/v2\/comments?post=619"}],"version-history":[{"count":1,"href":"https:\/\/whitebrandhotels.com\/es\/wp-json\/wp\/v2\/pages\/619\/revisions"}],"predecessor-version":[{"id":620,"href":"https:\/\/whitebrandhotels.com\/es\/wp-json\/wp\/v2\/pages\/619\/revisions\/620"}],"wp:attachment":[{"href":"https:\/\/whitebrandhotels.com\/es\/wp-json\/wp\/v2\/media?parent=619"}],"curies":[{"name":"wp","href":"https:\/\/api.w.org\/{rel}","templated":true}]}}