{"id":622,"date":"2021-01-28T12:35:04","date_gmt":"2021-01-28T12:35:04","guid":{"rendered":"https:\/\/whitebrandhotels.lawebdetuvida.com\/servicios\/"},"modified":"2021-04-21T08:38:07","modified_gmt":"2021-04-21T08:38:07","slug":"servicios","status":"publish","type":"page","link":"https:\/\/whitebrandhotels.com\/es\/servicios\/","title":{"rendered":"Servicios"},"content":{"rendered":"<h1>Hotel Management<\/h1>\n<h2>Una empresa de gesti\u00f3n integral para hoteles y resorts individuales<\/h2>\n<p>Desarrollamos los servicios de hotel management como si White Brand Hotels fuese el propietario del hotel. A trav\u00e9s de un enfoque hol\u00edstico, analizando la operativa y estructura actual al detalle, podemos encontrar las mejores decisiones con un \u00e9nfasis en los hu\u00e9spedes y el personal del hotel.<\/p>\n<h2>Ventas y Marketing<\/h2>\n<p>Elaboramos un plan de Sales &#038; Marketing espec\u00edfico para cada propiedad y supervisamos la ejecuci\u00f3n. Nuestros clientes se benefician de una enorme base de datos de agencias de viajes que tienen plena confianza en los hoteles que representamos. Nuestra red de agentes se expande por todo el mundo, con mayor presencia en Alemania, Suiza, Inglaterra y EEUU.<\/p>\n<p>Con la ayuda de nuestras agencias asociadas, aumentamos la visibilidad de la marca de nuestros clientes en los medios tradicionales y en los digitales. Optimizamos la p\u00e1gina web y redes sociales con la intenci\u00f3n de obtener m\u00e1s visibilidad. Incluso, mejoramos el porcentaje de conversi\u00f3n y el rendimiento del sitio web en los motores de b\u00fasqueda.<\/p>\n<p>Gestionamos las campa\u00f1as online e incluimos las propiedades en los metabuscadores elegidos para asegurar la menor comisi\u00f3n posible con las agencias online.<\/p>\n<p>En White Brand Hotels no tratamos de vender habitaciones, sino experiencias que benefician a todos los centros de ingresos (habitaciones, restauraci\u00f3n, wellness, etc).<\/p>\n<p>Tenemos una amplia experiencia en comercializar el sector MICE y Catering. Tambi\u00e9n contamos con relaciones personales con wedding planners, DMC y organos decisorios para presentaciones de productos. Podemos desarrollar estos servicios tanto a nivel nacional como internacional.<\/p>\n<h2>Revenue Management y Digital Marketing<\/h2>\n<p>Tenemos experiencia contrastada en los campos de Revenue Management y Digital Marketing. Adem\u00e1s, trabajamos con colaboradores externos de primer nivel, expertos en el sector hotelero, asegurandonos de estar al d\u00eda con las \u00faltimas tecnolog\u00edas y tendencias de la industria.<\/p>\n<p>Mantenemos relaciones personales con los gestores de cuenta de las agencias de viajes online, como Booking y Expedia, para garantizar que la propiedad est\u00e9 bien posicionada.<\/p>\n<p>Monitoreamos las tarifas diariamente y llevamos a cabo reuniones semanales, asegurando que cada habitaci\u00f3n de hotel se venda al precio m\u00e1s alto posible.<\/p>\n<p>\t\t\t\t\t\t\t\t\t\t<img decoding=\"async\" width=\"600\" height=\"717\" src=\"https:\/\/whitebrandhotels.com\/wp-content\/uploads\/2021\/01\/hotelmanagement-s3.jpg\" alt=\"\" loading=\"lazy\" srcset=\"https:\/\/whitebrandhotels.com\/wp-content\/uploads\/2021\/01\/hotelmanagement-s3.jpg 600w, https:\/\/whitebrandhotels.com\/wp-content\/uploads\/2021\/01\/hotelmanagement-s3-251x300.jpg 251w\" sizes=\"auto, (max-width: 600px) 100vw, 600px\" \/>\t\t\t\t\t\t\t\t\t\t\t<\/p>\n<h2>Alimentos y Bebidas<\/h2>\n<p>\u201cProductos locales, presentados de una manera elegante, y servidos con amabilidad\u201d son los ingredientes principales para nuestras operativas de Alimentos y Bebidas. Nos tomamos en serio esta divisi\u00f3n, la cual resulta imprescindible para una buena experiencia y para la reputaci\u00f3n de un hotel.<\/p>\n<p>No solo controlamos los ingresos y los est\u00e1ndares de calidad, sino tambi\u00e9n los gastos involucrados. Entrenamos al personal y auditamos los est\u00e1ndares de calidad de forma regular. Para la cocina tenemos rigurosos est\u00e1ndares APPCC que todas nuestras propiedades en gesti\u00f3n deben cumplir.<\/p>\n<h2>Finanzas<\/h2>\n<p>Nuestra experiencia en finanzas es insuperable. Nuestros clientes reciben un informe mensual adaptado a sus necesidades. Gracias a nuestro an\u00e1lisis exhaustivo, podemos ofrecer a nuestros clientes un informe mensual a medida, detectando inmediatamente partidas mejorables.<\/p>\n<p>El informe mensual siempre incluir\u00e1 un estado de p\u00e9rdidas y ganancias detallado, una previsi\u00f3n de la cuenta de resultados hasta final del ejercicio y un informe de Cash Flow que incluye la previsi\u00f3n hasta el final del a\u00f1o.<\/p>\n<p>Adem\u00e1s, nuestros clientes reciben informes de los ingresos y de la venta a diario.\u00a0 Nos tomamos el tiempo para explicar en detalle todas las incidencias, garantizando siempre la total transparencia.<\/p>\n<p>Como expertos en el servicio de manejo de hoteles, los n\u00fameros significan gran parte de nuestro trabajo, por lo tanto, nos dedicamos a especificar detalladamente el estado de progreso de la marca.<\/p>\n<h2>Recursos Humanos<\/h2>\n<p>Contratar a las personas adecuadas es el primer paso hacia el \u00e9xito. En consecuencia, nuestra Directora de Recursos Humanos examina todos los perfiles de los puestos ejecutivos.<\/p>\n<p>Tenemos acceso a un banco de datos de talentos y trabajamos con escuelas locales para integrar a j\u00f3venes profesionales y practicantes a nuestras propiedades. Creemos en la planificaci\u00f3n de carreras profesionales para las personas claves de nuestras propiedades en gesti\u00f3n y en la retenci\u00f3n de personal, teniendo una baja rotaci\u00f3n.<\/p>\n<p>\t\t\t<a href=\"https:\/\/whitebrandhotels.com\/es\/contacto\/\" role=\"button\"><br \/>\n\t\t\t\t\t\tCONTACTA CON NOSOTROS<br \/>\n\t\t\t\t\t<\/a><br \/>\n\t\t\t\t\t\t\t\t\t\t<img decoding=\"async\" width=\"500\" height=\"750\" src=\"https:\/\/whitebrandhotels.com\/wp-content\/uploads\/2021\/01\/hotel-management-s5.jpg\" alt=\"\" loading=\"lazy\" srcset=\"https:\/\/whitebrandhotels.com\/wp-content\/uploads\/2021\/01\/hotel-management-s5.jpg 500w, https:\/\/whitebrandhotels.com\/wp-content\/uploads\/2021\/01\/hotel-management-s5-200x300.jpg 200w\" sizes=\"auto, (max-width: 500px) 100vw, 500px\" \/>\t\t\t\t\t\t\t\t\t\t\t<\/p>\n<h2>Asset Management<\/h2>\n<h2>Nunca es demasiado tarde para un buen consejo; solo lo mejor para su negocio<\/h2>\n<p>El \u00e9nfasis en el Asset Management de White Brand Hotels est\u00e1 en incrementar los resultados mediante el asesoramiento estrat\u00e9gico. Supervisamos de cerca al operador o a la operativa actual y trabajamos con nuestros clientes en acciones mediante estrategias que aportan valor a su inversi\u00f3n. Damos a nuestros clientes la tranquilidad de saber que su inversi\u00f3n y su Cash Flow est\u00e1n bien controlados.<\/p>\n<p>Nuestros servicios de Asset Management incluyen lo siguiente:<\/p>\n<ul>\n<li>\n\t\t\t\t\t\t\t\t\t\tAn\u00e1lisis de riesgo e impacto\n\t\t\t\t\t\t\t\t\t<\/li>\n<li>\n\t\t\t\t\t\t\t\t\t\tReorganizaci\u00f3n de la deuda\n\t\t\t\t\t\t\t\t\t<\/li>\n<li>\n\t\t\t\t\t\t\t\t\t\tGesti\u00f3n provisional de la propiedad\n\t\t\t\t\t\t\t\t\t<\/li>\n<li>\n\t\t\t\t\t\t\t\t\t\tEstrategia de salida\n\t\t\t\t\t\t\t\t\t<\/li>\n<li>\n\t\t\t\t\t\t\t\t\t\tPlanificaci\u00f3n estrat\u00e9gica de la inversi\u00f3n\n\t\t\t\t\t\t\t\t\t<\/li>\n<li>\n\t\t\t\t\t\t\t\t\t\tReposicionamiento del activo en el mercado\n\t\t\t\t\t\t\t\t\t<\/li>\n<li>\n\t\t\t\t\t\t\t\t\t\tVigilancia y negociaci\u00f3n con operador actual\n\t\t\t\t\t\t\t\t\t<\/li>\n<\/ul>\n<p>\t\t\t<a href=\"https:\/\/whitebrandhotels.com\/es\/contacto\/\" role=\"button\"><br \/>\n\t\t\t\t\t\tCONTACTA CON NOSOTROS<br \/>\n\t\t\t\t\t<\/a><br \/>\n\t\t\t\t\t\t\t\t\t\t<img decoding=\"async\" width=\"927\" height=\"1024\" src=\"https:\/\/whitebrandhotels.com\/wp-content\/uploads\/2020\/11\/hotel-management2-bn-927x1024.jpg\" alt=\"\" loading=\"lazy\" srcset=\"https:\/\/whitebrandhotels.com\/wp-content\/uploads\/2020\/11\/hotel-management2-bn-927x1024.jpg 927w, https:\/\/whitebrandhotels.com\/wp-content\/uploads\/2020\/11\/hotel-management2-bn-271x300.jpg 271w, https:\/\/whitebrandhotels.com\/wp-content\/uploads\/2020\/11\/hotel-management2-bn-768x849.jpg 768w, https:\/\/whitebrandhotels.com\/wp-content\/uploads\/2020\/11\/hotel-management2-bn.jpg 1000w\" sizes=\"auto, (max-width: 927px) 100vw, 927px\" \/>\t\t\t\t\t\t\t\t\t\t\t<\/p>\n<h2>Desarrollo<\/h2>\n<p>\t\t\t\t\t\t\t\t\t\t<img decoding=\"async\" width=\"643\" height=\"900\" src=\"https:\/\/whitebrandhotels.com\/wp-content\/uploads\/2021\/01\/developments2.jpg\" alt=\"\" loading=\"lazy\" srcset=\"https:\/\/whitebrandhotels.com\/wp-content\/uploads\/2021\/01\/developments2.jpg 643w, https:\/\/whitebrandhotels.com\/wp-content\/uploads\/2021\/01\/developments2-214x300.jpg 214w\" sizes=\"auto, (max-width: 643px) 100vw, 643px\" \/>\t\t\t\t\t\t\t\t\t\t\t<\/p>\n<h2>Comenzar desde cero es una tarea emocionante que requiere una sincronizaci\u00f3n precisa.<\/h2>\n<p>Todos nuestros proyectos de desarrollo se gestionan con mucha precisi\u00f3n y herramientas, aplicando un metodo de ruta critica y diario de obras. Es una parte clave para evitarse problemas de mantenimiento y log\u00edstica en el futuro.<\/p>\n<p>Nosotros buscamos soluciones teniendo en cuenta el dise\u00f1o, el entorno y la clientela futura. Sabemos que son muchas decisiones dif\u00edciles que tomar durante el desarrollo de un proyecto y asesoramos a nuestros clientes con el fin de crecer el valor de su inversi\u00f3n a largo plazo.<\/p>\n<p>Estos son algunos de los servicios que brindamos:<\/p>\n<ul>\n<li>\n\t\t\t\t\t\t\t\t\t\tInvestigaci\u00f3n\n\t\t\t\t\t\t\t\t\t<\/li>\n<li>\n\t\t\t\t\t\t\t\t\t\tAn\u00e1lisis de mercado\n\t\t\t\t\t\t\t\t\t<\/li>\n<li>\n\t\t\t\t\t\t\t\t\t\tGesti\u00f3n de gastos\n\t\t\t\t\t\t\t\t\t<\/li>\n<li>\n\t\t\t\t\t\t\t\t\t\tDirecci\u00f3n de contratistas, arquitectos y dise\u00f1adores de interiores\n\t\t\t\t\t\t\t\t\t<\/li>\n<li>\n\t\t\t\t\t\t\t\t\t\tConceptualizaci\u00f3n\n\t\t\t\t\t\t\t\t\t<\/li>\n<li>\n\t\t\t\t\t\t\t\t\t\tConceptos de dise\u00f1o\n\t\t\t\t\t\t\t\t\t<\/li>\n<li>\n\t\t\t\t\t\t\t\t\t\tRequisitos de FF&#038;E y OS&#038;E\n\t\t\t\t\t\t\t\t\t<\/li>\n<li>\n\t\t\t\t\t\t\t\t\t\tGesti\u00f3n de pre-apertura\n\t\t\t\t\t\t\t\t\t<\/li>\n<\/ul>\n<p>\t\t\t<a href=\"https:\/\/whitebrandhotels.com\/es\/contacto\/\" role=\"button\"><br \/>\n\t\t\t\t\t\tCONTACTA CON NOSOTROS<br \/>\n\t\t\t\t\t<\/a><\/p>\n","protected":false},"excerpt":{"rendered":"<p>Hotel Management Una empresa de gesti\u00f3n integral para hoteles y resorts individuales Desarrollamos los servicios de hotel management como si White Brand Hotels fuese el propietario del hotel. A trav\u00e9s de un enfoque hol\u00edstico, analizando la operativa y estructura actual al detalle, podemos encontrar las mejores decisiones con un \u00e9nfasis en los hu\u00e9spedes y el &hellip;<\/p>\n<p class=\"read-more\"> <a class=\"\" href=\"https:\/\/whitebrandhotels.com\/es\/servicios\/\"> <span class=\"screen-reader-text\">Servicios<\/span> Leer m\u00e1s &raquo;<\/a><\/p>\n","protected":false},"author":1,"featured_media":0,"parent":0,"menu_order":0,"comment_status":"closed","ping_status":"closed","template":"","meta":{"_monsterinsights_skip_tracking":false,"_monsterinsights_sitenote_active":false,"_monsterinsights_sitenote_note":"","_monsterinsights_sitenote_category":0,"site-sidebar-layout":"no-sidebar","site-content-layout":"page-builder","ast-global-header-display":"","ast-main-header-display":"","ast-hfb-above-header-display":"","ast-hfb-below-header-display":"","ast-hfb-mobile-header-display":"","site-post-title":"disabled","ast-breadcrumbs-content":"","ast-featured-img":"disabled","footer-sml-layout":"","theme-transparent-header-meta":"default","adv-header-id-meta":"","stick-header-meta":"","header-above-stick-meta":"","header-main-stick-meta":"","header-below-stick-meta":"","footnotes":""},"class_list":["post-622","page","type-page","status-publish","hentry"],"yoast_head":"<!-- This site is optimized with the Yoast SEO plugin v27.4 - https:\/\/yoast.com\/product\/yoast-seo-wordpress\/ -->\n<title>Servicios - White Brand Hotels<\/title>\n<meta name=\"robots\" content=\"index, follow, max-snippet:-1, max-image-preview:large, max-video-preview:-1\" \/>\n<link rel=\"canonical\" href=\"https:\/\/whitebrandhotels.com\/es\/servicios\/\" \/>\n<meta property=\"og:locale\" content=\"es_ES\" \/>\n<meta property=\"og:type\" content=\"article\" \/>\n<meta property=\"og:title\" content=\"Servicios - White Brand Hotels\" \/>\n<meta property=\"og:description\" content=\"Hotel Management Una empresa de gesti\u00f3n integral para hoteles y resorts individuales Desarrollamos los servicios de hotel management como si White Brand Hotels fuese el propietario del hotel. A trav\u00e9s de un enfoque hol\u00edstico, analizando la operativa y estructura actual al detalle, podemos encontrar las mejores decisiones con un \u00e9nfasis en los hu\u00e9spedes y el &hellip; Servicios Leer m\u00e1s &raquo;\" \/>\n<meta property=\"og:url\" content=\"https:\/\/whitebrandhotels.com\/es\/servicios\/\" \/>\n<meta property=\"og:site_name\" content=\"White Brand Hotels\" \/>\n<meta property=\"article:modified_time\" content=\"2021-04-21T08:38:07+00:00\" \/>\n<meta property=\"og:image\" content=\"https:\/\/whitebrandhotels.com\/wp-content\/uploads\/2021\/01\/hotelmanagement-s3.jpg\" \/>\n<meta name=\"twitter:card\" content=\"summary_large_image\" \/>\n<meta name=\"twitter:label1\" content=\"Tiempo de lectura\" \/>\n\t<meta name=\"twitter:data1\" content=\"5 minutos\" \/>\n<script type=\"application\/ld+json\" class=\"yoast-schema-graph\">{\"@context\":\"https:\\\/\\\/schema.org\",\"@graph\":[{\"@type\":\"WebPage\",\"@id\":\"https:\\\/\\\/whitebrandhotels.com\\\/es\\\/servicios\\\/\",\"url\":\"https:\\\/\\\/whitebrandhotels.com\\\/es\\\/servicios\\\/\",\"name\":\"Servicios - White Brand Hotels\",\"isPartOf\":{\"@id\":\"https:\\\/\\\/whitebrandhotels.com\\\/#website\"},\"primaryImageOfPage\":{\"@id\":\"https:\\\/\\\/whitebrandhotels.com\\\/es\\\/servicios\\\/#primaryimage\"},\"image\":{\"@id\":\"https:\\\/\\\/whitebrandhotels.com\\\/es\\\/servicios\\\/#primaryimage\"},\"thumbnailUrl\":\"https:\\\/\\\/whitebrandhotels.com\\\/wp-content\\\/uploads\\\/2021\\\/01\\\/hotelmanagement-s3.jpg\",\"datePublished\":\"2021-01-28T12:35:04+00:00\",\"dateModified\":\"2021-04-21T08:38:07+00:00\",\"breadcrumb\":{\"@id\":\"https:\\\/\\\/whitebrandhotels.com\\\/es\\\/servicios\\\/#breadcrumb\"},\"inLanguage\":\"es\",\"potentialAction\":[{\"@type\":\"ReadAction\",\"target\":[\"https:\\\/\\\/whitebrandhotels.com\\\/es\\\/servicios\\\/\"]}]},{\"@type\":\"ImageObject\",\"inLanguage\":\"es\",\"@id\":\"https:\\\/\\\/whitebrandhotels.com\\\/es\\\/servicios\\\/#primaryimage\",\"url\":\"https:\\\/\\\/whitebrandhotels.com\\\/wp-content\\\/uploads\\\/2021\\\/01\\\/hotelmanagement-s3.jpg\",\"contentUrl\":\"https:\\\/\\\/whitebrandhotels.com\\\/wp-content\\\/uploads\\\/2021\\\/01\\\/hotelmanagement-s3.jpg\"},{\"@type\":\"BreadcrumbList\",\"@id\":\"https:\\\/\\\/whitebrandhotels.com\\\/es\\\/servicios\\\/#breadcrumb\",\"itemListElement\":[{\"@type\":\"ListItem\",\"position\":1,\"name\":\"Portada\",\"item\":\"https:\\\/\\\/whitebrandhotels.com\\\/es\\\/\"},{\"@type\":\"ListItem\",\"position\":2,\"name\":\"Servicios\"}]},{\"@type\":\"WebSite\",\"@id\":\"https:\\\/\\\/whitebrandhotels.com\\\/#website\",\"url\":\"https:\\\/\\\/whitebrandhotels.com\\\/\",\"name\":\"White Brand Hotels\",\"description\":\"Hotel Management\",\"publisher\":{\"@id\":\"https:\\\/\\\/whitebrandhotels.com\\\/#organization\"},\"potentialAction\":[{\"@type\":\"SearchAction\",\"target\":{\"@type\":\"EntryPoint\",\"urlTemplate\":\"https:\\\/\\\/whitebrandhotels.com\\\/?s={search_term_string}\"},\"query-input\":{\"@type\":\"PropertyValueSpecification\",\"valueRequired\":true,\"valueName\":\"search_term_string\"}}],\"inLanguage\":\"es\"},{\"@type\":\"Organization\",\"@id\":\"https:\\\/\\\/whitebrandhotels.com\\\/#organization\",\"name\":\"White Brand Hotels\",\"url\":\"https:\\\/\\\/whitebrandhotels.com\\\/\",\"logo\":{\"@type\":\"ImageObject\",\"inLanguage\":\"es\",\"@id\":\"https:\\\/\\\/whitebrandhotels.com\\\/#\\\/schema\\\/logo\\\/image\\\/\",\"url\":\"https:\\\/\\\/whitebrandhotels.com\\\/wp-content\\\/uploads\\\/2021\\\/01\\\/logo-wbh-black.png\",\"contentUrl\":\"https:\\\/\\\/whitebrandhotels.com\\\/wp-content\\\/uploads\\\/2021\\\/01\\\/logo-wbh-black.png\",\"width\":250,\"height\":45,\"caption\":\"White Brand Hotels\"},\"image\":{\"@id\":\"https:\\\/\\\/whitebrandhotels.com\\\/#\\\/schema\\\/logo\\\/image\\\/\"},\"sameAs\":[\"https:\\\/\\\/www.instagram.com\\\/whitebrandhotels\",\"https:\\\/\\\/www.linkedin.com\\\/company\\\/whitebrandhotels\"]}]}<\/script>\n<!-- \/ Yoast SEO plugin. -->","yoast_head_json":{"title":"Servicios - White Brand Hotels","robots":{"index":"index","follow":"follow","max-snippet":"max-snippet:-1","max-image-preview":"max-image-preview:large","max-video-preview":"max-video-preview:-1"},"canonical":"https:\/\/whitebrandhotels.com\/es\/servicios\/","og_locale":"es_ES","og_type":"article","og_title":"Servicios - White Brand Hotels","og_description":"Hotel Management Una empresa de gesti\u00f3n integral para hoteles y resorts individuales Desarrollamos los servicios de hotel management como si White Brand Hotels fuese el propietario del hotel. A trav\u00e9s de un enfoque hol\u00edstico, analizando la operativa y estructura actual al detalle, podemos encontrar las mejores decisiones con un \u00e9nfasis en los hu\u00e9spedes y el &hellip; Servicios Leer m\u00e1s &raquo;","og_url":"https:\/\/whitebrandhotels.com\/es\/servicios\/","og_site_name":"White Brand Hotels","article_modified_time":"2021-04-21T08:38:07+00:00","og_image":[{"url":"https:\/\/whitebrandhotels.com\/wp-content\/uploads\/2021\/01\/hotelmanagement-s3.jpg","type":"","width":"","height":""}],"twitter_card":"summary_large_image","twitter_misc":{"Tiempo de lectura":"5 minutos"},"schema":{"@context":"https:\/\/schema.org","@graph":[{"@type":"WebPage","@id":"https:\/\/whitebrandhotels.com\/es\/servicios\/","url":"https:\/\/whitebrandhotels.com\/es\/servicios\/","name":"Servicios - White Brand Hotels","isPartOf":{"@id":"https:\/\/whitebrandhotels.com\/#website"},"primaryImageOfPage":{"@id":"https:\/\/whitebrandhotels.com\/es\/servicios\/#primaryimage"},"image":{"@id":"https:\/\/whitebrandhotels.com\/es\/servicios\/#primaryimage"},"thumbnailUrl":"https:\/\/whitebrandhotels.com\/wp-content\/uploads\/2021\/01\/hotelmanagement-s3.jpg","datePublished":"2021-01-28T12:35:04+00:00","dateModified":"2021-04-21T08:38:07+00:00","breadcrumb":{"@id":"https:\/\/whitebrandhotels.com\/es\/servicios\/#breadcrumb"},"inLanguage":"es","potentialAction":[{"@type":"ReadAction","target":["https:\/\/whitebrandhotels.com\/es\/servicios\/"]}]},{"@type":"ImageObject","inLanguage":"es","@id":"https:\/\/whitebrandhotels.com\/es\/servicios\/#primaryimage","url":"https:\/\/whitebrandhotels.com\/wp-content\/uploads\/2021\/01\/hotelmanagement-s3.jpg","contentUrl":"https:\/\/whitebrandhotels.com\/wp-content\/uploads\/2021\/01\/hotelmanagement-s3.jpg"},{"@type":"BreadcrumbList","@id":"https:\/\/whitebrandhotels.com\/es\/servicios\/#breadcrumb","itemListElement":[{"@type":"ListItem","position":1,"name":"Portada","item":"https:\/\/whitebrandhotels.com\/es\/"},{"@type":"ListItem","position":2,"name":"Servicios"}]},{"@type":"WebSite","@id":"https:\/\/whitebrandhotels.com\/#website","url":"https:\/\/whitebrandhotels.com\/","name":"White Brand Hotels","description":"Hotel Management","publisher":{"@id":"https:\/\/whitebrandhotels.com\/#organization"},"potentialAction":[{"@type":"SearchAction","target":{"@type":"EntryPoint","urlTemplate":"https:\/\/whitebrandhotels.com\/?s={search_term_string}"},"query-input":{"@type":"PropertyValueSpecification","valueRequired":true,"valueName":"search_term_string"}}],"inLanguage":"es"},{"@type":"Organization","@id":"https:\/\/whitebrandhotels.com\/#organization","name":"White Brand Hotels","url":"https:\/\/whitebrandhotels.com\/","logo":{"@type":"ImageObject","inLanguage":"es","@id":"https:\/\/whitebrandhotels.com\/#\/schema\/logo\/image\/","url":"https:\/\/whitebrandhotels.com\/wp-content\/uploads\/2021\/01\/logo-wbh-black.png","contentUrl":"https:\/\/whitebrandhotels.com\/wp-content\/uploads\/2021\/01\/logo-wbh-black.png","width":250,"height":45,"caption":"White Brand Hotels"},"image":{"@id":"https:\/\/whitebrandhotels.com\/#\/schema\/logo\/image\/"},"sameAs":["https:\/\/www.instagram.com\/whitebrandhotels","https:\/\/www.linkedin.com\/company\/whitebrandhotels"]}]}},"_links":{"self":[{"href":"https:\/\/whitebrandhotels.com\/es\/wp-json\/wp\/v2\/pages\/622","targetHints":{"allow":["GET"]}}],"collection":[{"href":"https:\/\/whitebrandhotels.com\/es\/wp-json\/wp\/v2\/pages"}],"about":[{"href":"https:\/\/whitebrandhotels.com\/es\/wp-json\/wp\/v2\/types\/page"}],"author":[{"embeddable":true,"href":"https:\/\/whitebrandhotels.com\/es\/wp-json\/wp\/v2\/users\/1"}],"replies":[{"embeddable":true,"href":"https:\/\/whitebrandhotels.com\/es\/wp-json\/wp\/v2\/comments?post=622"}],"version-history":[{"count":8,"href":"https:\/\/whitebrandhotels.com\/es\/wp-json\/wp\/v2\/pages\/622\/revisions"}],"predecessor-version":[{"id":1186,"href":"https:\/\/whitebrandhotels.com\/es\/wp-json\/wp\/v2\/pages\/622\/revisions\/1186"}],"wp:attachment":[{"href":"https:\/\/whitebrandhotels.com\/es\/wp-json\/wp\/v2\/media?parent=622"}],"curies":[{"name":"wp","href":"https:\/\/api.w.org\/{rel}","templated":true}]}}