{"id":646,"date":"2021-01-28T12:41:32","date_gmt":"2021-01-28T12:41:32","guid":{"rendered":"https:\/\/whitebrandhotels.lawebdetuvida.com\/equipo\/"},"modified":"2021-04-21T09:51:36","modified_gmt":"2021-04-21T09:51:36","slug":"equipo","status":"publish","type":"page","link":"https:\/\/whitebrandhotels.com\/es\/equipo\/","title":{"rendered":"Equipo"},"content":{"rendered":"<h1>Equipo<\/h1>\n<h2>Una empresa es tan buena como el equipo que la respalda<\/h2>\n<p>Somos un equipo internacional con ra\u00edces muy distintas, compartiendo el mismo amor y pasi\u00f3n por la hospitalidad. Todos somos emprendedores, habiendo encontrado en White Brand Hotels el equilibrio perfecto entre la creatividad individual y la comodidad de apoyarse en un equipo incre\u00edble con gente de ideas similares.<\/p>\n<p>\t\t\t\t\t\t\t\t\t\t<img decoding=\"async\" width=\"250\" height=\"320\" src=\"https:\/\/whitebrandhotels.com\/wp-content\/uploads\/2021\/01\/luis-foto.jpg\" alt=\"\" loading=\"lazy\" srcset=\"https:\/\/whitebrandhotels.com\/wp-content\/uploads\/2021\/01\/luis-foto.jpg 250w, https:\/\/whitebrandhotels.com\/wp-content\/uploads\/2021\/01\/luis-foto-234x300.jpg 234w\" sizes=\"auto, (max-width: 250px) 100vw, 250px\" \/>\t\t\t\t\t\t\t\t\t\t\t<\/p>\n<h2>Luis Rubio, Chief Executive Officer<\/h2>\n<p>Luis naci\u00f3 y se cri\u00f3 en Canad\u00e1, donde estuvo hasta los 15 a\u00f1os. Se form\u00f3 en Ciencias Empresariales, DAF Econ\u00f3mico-Financiero ESADE, Master de Direcc\u00edon Administrativo Contable en CEF; todos estos en Barcelona. Accedi\u00f3 a la opsosici\u00f3n de Chief Financial Controller de su primer hotel en Espa\u00f1a a la edad de 24 a\u00f1os.<\/p>\n<p>Trabaj\u00f3 para empresas internacionales como Telef\u00f3nica, Bertelsmann o Almirall como International Controller antes de convertirse en Senior Vicepresident de Stein Hotels &#038; Resorts, donde supervis\u00f3 el desempe\u00f1o de 21 hoteles en toda Europa.<\/p>\n<p>Despu\u00e9s de esta etapa de 7 a\u00f1os, fund\u00f3 Tundra Group, que ofrece servicios de consultor\u00eda estrat\u00e9gicos, como gesti\u00f3n de activos, informes financieros, IT, recursos humanos o servicios de adquisiciones para peque\u00f1as y medianas empresas.<\/p>\n<p>En 2017, desarroll\u00f3 Tundra Hotels, una empresa de gesti\u00f3n de activos hoteleros para hoteles independientes. En 2019 fund\u00f3 White Brand Hotels con su socio Bj\u00f6rn Wild. <\/p>\n<p>\t\t\t\t\t\t\t\t\t\t<img decoding=\"async\" width=\"250\" height=\"320\" src=\"https:\/\/whitebrandhotels.com\/wp-content\/uploads\/2021\/01\/foto-bjorn.jpg\" alt=\"\" loading=\"lazy\" srcset=\"https:\/\/whitebrandhotels.com\/wp-content\/uploads\/2021\/01\/foto-bjorn.jpg 250w, https:\/\/whitebrandhotels.com\/wp-content\/uploads\/2021\/01\/foto-bjorn-234x300.jpg 234w\" sizes=\"auto, (max-width: 250px) 100vw, 250px\" \/>\t\t\t\t\t\t\t\t\t\t\t<\/p>\n<h2>Bj\u00f6rn Wild, Chief Operational Officer<\/h2>\n<p>Bj\u00f6rn Wild naci\u00f3 en Frankfurt (Alemania). Experto Director General en la industria de hoteles boutique en Espa\u00f1a. Bj\u00f6rn ha ganado varios premios de fama mundial por las propiedades que ha gestionado y tiene un historial extenso en la gesti\u00f3n hotelera. Entre su experiencia se incluyen proyectos de renovaci\u00f3n, pre-aperturas, cambios de marca y \u201cturn-around management\u201d. <\/p>\n<p>Su experiencia en la comercializaci\u00f3n y la manera de llevar la operativa son sus claves para el \u00e9xito. Bj\u00f6rn es un todoterreno y ha prestado sus servicios en hoteles independientes y para algunas cadenas de hoteles prestigiosas como St Regis o One &#038; Only. <\/p>\n<p>En su pasado, trabaj\u00f3 con afiliaciones como Preferred Hotels, Small Luxury Hotels, Leading Hotels of the World y con asociaciones como Virtuoso o American Express Finest Hotels and Resorts. <\/p>\n<p>Despu\u00e9s de varios a\u00f1os en puestos de cargos ejecutivos en algunos de los hoteles m\u00e1s reconocidos del mundo, Bj\u00f6rn se convirti\u00f3 en director general de su primer hotel boutique de lujo a la edad de 30 a\u00f1os en Letonia, Riga. Desde entonces, ocup\u00f3 diversos cargos como Director General en hoteles boutique en Espa\u00f1a y asesor\u00f3 a hoteles en Francia y Reino Unido. <\/p>\n<p>Bj\u00f6rn fue el Director General en Gran Hotel Son Net durante m\u00e1s de 9 a\u00f1os, ocupando tambi\u00e9n el cargo de Director Operativo Regional y miembro del Comit\u00e9 Ejecutivo de The Stein Group. Ahora es cofundador de White Brand Hotels.<\/p>\n<p>\t\t\t\t\t\t\t\t\t\t<img decoding=\"async\" width=\"250\" height=\"320\" src=\"https:\/\/whitebrandhotels.com\/wp-content\/uploads\/2021\/01\/foto-chris.jpg\" alt=\"\" loading=\"lazy\" srcset=\"https:\/\/whitebrandhotels.com\/wp-content\/uploads\/2021\/01\/foto-chris.jpg 250w, https:\/\/whitebrandhotels.com\/wp-content\/uploads\/2021\/01\/foto-chris-234x300.jpg 234w\" sizes=\"auto, (max-width: 250px) 100vw, 250px\" \/>\t\t\t\t\t\t\t\t\t\t\t<\/p>\n<h2>Chris Judd, Chief Financial Officer<\/h2>\n<p>Chris, ciudadano estadounidense y residente en Sitges tiene una amplia experiencia en el mundo de finanzas con m\u00e1s de 15 a\u00f1os de desempe\u00f1o en firmas internacionales. Durante su carrera, supervis\u00f3 varias cadenas de hoteles boutique como Financial Controller. Adem\u00e1s, particip\u00f3 en la venta de dos firmas a otras empresas multinacionales. <\/p>\n<p>Chris es un pensador estrat\u00e9gico y un verdadero l\u00edder. Tambi\u00e9n posea excelentes habilidades de gesti\u00f3n, reporting, implementaci\u00f3n de procedimientos y trae s\u00f3lidos conocimientos financieros a White Brand Hotels como CFO y cofundador. <\/p>\n<p>\t\t\t\t\t\t\t\t\t\t<img decoding=\"async\" width=\"250\" height=\"320\" src=\"https:\/\/whitebrandhotels.com\/wp-content\/uploads\/2021\/01\/foto-gemma.jpg\" alt=\"\" loading=\"lazy\" srcset=\"https:\/\/whitebrandhotels.com\/wp-content\/uploads\/2021\/01\/foto-gemma.jpg 250w, https:\/\/whitebrandhotels.com\/wp-content\/uploads\/2021\/01\/foto-gemma-234x300.jpg 234w\" sizes=\"auto, (max-width: 250px) 100vw, 250px\" \/>\t\t\t\t\t\t\t\t\t\t\t<\/p>\n<h2>Gemma Riu, Director of Business Development<\/h2>\n<p>Gemma es economista y aporta su gran experiencia en el desarrollo de negocios en White Brand Hotels. Tiene un Master por la prestigiosa Universidad ESADE y el PDG de IESE, Barcelona. <\/p>\n<p>Trabaj\u00f3 durante a\u00f1os como analista de riesgos para un banco catal\u00e1n antes de incorporarse a un importante Family Office en Andorra como analista de inversiones. Adem\u00e1s, fue nadadora semiprofesional en su juventud. Hoy compagina su pasi\u00f3n por el deporte y las finanzas siendo directora del Andorra Esports Cl\u00faster.<\/p>\n<p>Gemma se desempe\u00f1\u00f3 durante cuatro a\u00f1os como CEO en Univers Bomosa, un holding de 19 compa\u00f1\u00edas. En el pasado abri\u00f3 y administr\u00f3 un Gimnasio boutique. Fue tambi\u00e9n Gerente de Compras del Grupo para una cadena de hoteles y tiene decenas de logros personales como por ejemplo nadar el estrecho de Gibraltar o conseguir un acuerdo para el desarrollo de un Casino. <\/p>\n<p>\t\t\t\t\t\t\t\t\t\t<img decoding=\"async\" width=\"250\" height=\"320\" src=\"https:\/\/whitebrandhotels.com\/wp-content\/uploads\/2021\/01\/Foto-Isabel-Carrillo.jpg\" alt=\"\" loading=\"lazy\" srcset=\"https:\/\/whitebrandhotels.com\/wp-content\/uploads\/2021\/01\/Foto-Isabel-Carrillo.jpg 250w, https:\/\/whitebrandhotels.com\/wp-content\/uploads\/2021\/01\/Foto-Isabel-Carrillo-234x300.jpg 234w\" sizes=\"auto, (max-width: 250px) 100vw, 250px\" \/>\t\t\t\t\t\t\t\t\t\t\t<\/p>\n<h2>Isabel Carrillo, Director of Human Resources <\/h2>\n<p>Isabel tiene una amplia experiencia de m\u00e1s de 30 a\u00f1os en Recursos Humanos. Fue la Directora de Recursos Humanos de Husa Hoteles, mientras que el grupo ten\u00eda 160 hoteles en cartera.<\/p>\n<p>Es coautora de dos libros y colaboradora de la Confederaci\u00f3n Espa\u00f1ola de Hoteles y Alojamientos Tur\u00edsticos (CEHAT). Trabaj\u00f3 como formadora en la Universad de Girona y asesoro el departamento de Ense\u00f1anza de la Generalitat de Catalunya. En la actualidad lidera como directora el departamento de carreras profesionales y servicios acad\u00e9micos transversales en Ostelea, Escuela de Managemenent en Turismo.<\/p>\n<p>\t\t\t\t\t\t\t\t\t\t<img decoding=\"async\" width=\"250\" height=\"320\" src=\"https:\/\/whitebrandhotels.com\/wp-content\/uploads\/2021\/01\/foto-pat.jpg\" alt=\"\" loading=\"lazy\" srcset=\"https:\/\/whitebrandhotels.com\/wp-content\/uploads\/2021\/01\/foto-pat.jpg 250w, https:\/\/whitebrandhotels.com\/wp-content\/uploads\/2021\/01\/foto-pat-234x300.jpg 234w\" sizes=\"auto, (max-width: 250px) 100vw, 250px\" \/>\t\t\t\t\t\t\t\t\t\t\t<\/p>\n<h2>Patricia Ense\u00f1at, Director of Guest Experiences<\/h2>\n<p>Patricia es una profesional que aporta m\u00e1s de 20 a\u00f1os de experiencia en la industria hotelera y tur\u00edstica, formando parte de White Brand Hotels desde el inicio. Se encarga de la implementaci\u00f3n de procedimientos y servicios en el area de Guest Experience.<\/p>\n<p>A Patricia le apasiona el servicio al cliente y monitoriza la calidad de servicio en nuestros hoteles en gesti\u00f3n. Patricia desarrolla los est\u00e1ndares de calidad y procedimientos a la medida de las necesidades de nuestros clientes.<\/p>\n<p>\t\t\t\t\t\t\t\t\t\t<img decoding=\"async\" width=\"250\" height=\"320\" src=\"https:\/\/whitebrandhotels.com\/wp-content\/uploads\/2021\/01\/foto-Victor.jpg\" alt=\"\" loading=\"lazy\" srcset=\"https:\/\/whitebrandhotels.com\/wp-content\/uploads\/2021\/01\/foto-Victor.jpg 250w, https:\/\/whitebrandhotels.com\/wp-content\/uploads\/2021\/01\/foto-Victor-234x300.jpg 234w\" sizes=\"auto, (max-width: 250px) 100vw, 250px\" \/>\t\t\t\t\t\t\t\t\t\t\t<\/p>\n<h2>Victor Torralba, Director of IT<\/h2>\n<p>V\u00edctor es director de tecnolog\u00eda y cuenta con m\u00e1s de 20 a\u00f1os de experiencia en la gesti\u00f3n de proyectos tecnol\u00f3gicos. Fue Project Manager para implementar PMS, POS, VPN y Wifi en una docena de hoteles.<\/p>\n<p>Es un experto absoluto en gestionar proyectos tecnol\u00f3gicos. Gracias al departamento que lidera, White Brand Hotels puede presumir de crear un interfaz con cualquier PMS y POS para obtener un CRM integral para la gesti\u00f3n.<\/p>\n","protected":false},"excerpt":{"rendered":"<p>Equipo Una empresa es tan buena como el equipo que la respalda Somos un equipo internacional con ra\u00edces muy distintas, compartiendo el mismo amor y pasi\u00f3n por la hospitalidad. Todos somos emprendedores, habiendo encontrado en White Brand Hotels el equilibrio perfecto entre la creatividad individual y la comodidad de apoyarse en un equipo incre\u00edble con &hellip;<\/p>\n<p class=\"read-more\"> <a class=\"\" href=\"https:\/\/whitebrandhotels.com\/es\/equipo\/\"> <span class=\"screen-reader-text\">Equipo<\/span> Leer m\u00e1s &raquo;<\/a><\/p>\n","protected":false},"author":1,"featured_media":0,"parent":0,"menu_order":0,"comment_status":"closed","ping_status":"closed","template":"","meta":{"_monsterinsights_skip_tracking":false,"_monsterinsights_sitenote_active":false,"_monsterinsights_sitenote_note":"","_monsterinsights_sitenote_category":0,"site-sidebar-layout":"no-sidebar","site-content-layout":"page-builder","ast-global-header-display":"","ast-main-header-display":"","ast-hfb-above-header-display":"","ast-hfb-below-header-display":"","ast-hfb-mobile-header-display":"","site-post-title":"disabled","ast-breadcrumbs-content":"","ast-featured-img":"disabled","footer-sml-layout":"","theme-transparent-header-meta":"default","adv-header-id-meta":"","stick-header-meta":"","header-above-stick-meta":"","header-main-stick-meta":"","header-below-stick-meta":"","footnotes":""},"class_list":["post-646","page","type-page","status-publish","hentry"],"yoast_head":"<!-- This site is optimized with the Yoast SEO plugin v27.4 - https:\/\/yoast.com\/product\/yoast-seo-wordpress\/ -->\n<title>Equipo - White Brand Hotels<\/title>\n<meta name=\"robots\" content=\"index, follow, max-snippet:-1, max-image-preview:large, max-video-preview:-1\" \/>\n<link rel=\"canonical\" href=\"https:\/\/whitebrandhotels.com\/es\/equipo\/\" \/>\n<meta property=\"og:locale\" content=\"es_ES\" \/>\n<meta property=\"og:type\" content=\"article\" \/>\n<meta property=\"og:title\" content=\"Equipo - White Brand Hotels\" \/>\n<meta property=\"og:description\" content=\"Equipo Una empresa es tan buena como el equipo que la respalda Somos un equipo internacional con ra\u00edces muy distintas, compartiendo el mismo amor y pasi\u00f3n por la hospitalidad. Todos somos emprendedores, habiendo encontrado en White Brand Hotels el equilibrio perfecto entre la creatividad individual y la comodidad de apoyarse en un equipo incre\u00edble con &hellip; Equipo Leer m\u00e1s &raquo;\" \/>\n<meta property=\"og:url\" content=\"https:\/\/whitebrandhotels.com\/es\/equipo\/\" \/>\n<meta property=\"og:site_name\" content=\"White Brand Hotels\" \/>\n<meta property=\"article:modified_time\" content=\"2021-04-21T09:51:36+00:00\" \/>\n<meta property=\"og:image\" content=\"https:\/\/whitebrandhotels.com\/wp-content\/uploads\/2021\/01\/luis-foto.jpg\" \/>\n<meta name=\"twitter:card\" content=\"summary_large_image\" \/>\n<meta name=\"twitter:label1\" content=\"Tiempo de lectura\" \/>\n\t<meta name=\"twitter:data1\" content=\"6 minutos\" \/>\n<script type=\"application\/ld+json\" class=\"yoast-schema-graph\">{\"@context\":\"https:\\\/\\\/schema.org\",\"@graph\":[{\"@type\":\"WebPage\",\"@id\":\"https:\\\/\\\/whitebrandhotels.com\\\/es\\\/equipo\\\/\",\"url\":\"https:\\\/\\\/whitebrandhotels.com\\\/es\\\/equipo\\\/\",\"name\":\"Equipo - White Brand Hotels\",\"isPartOf\":{\"@id\":\"https:\\\/\\\/whitebrandhotels.com\\\/#website\"},\"primaryImageOfPage\":{\"@id\":\"https:\\\/\\\/whitebrandhotels.com\\\/es\\\/equipo\\\/#primaryimage\"},\"image\":{\"@id\":\"https:\\\/\\\/whitebrandhotels.com\\\/es\\\/equipo\\\/#primaryimage\"},\"thumbnailUrl\":\"https:\\\/\\\/whitebrandhotels.com\\\/wp-content\\\/uploads\\\/2021\\\/01\\\/luis-foto.jpg\",\"datePublished\":\"2021-01-28T12:41:32+00:00\",\"dateModified\":\"2021-04-21T09:51:36+00:00\",\"breadcrumb\":{\"@id\":\"https:\\\/\\\/whitebrandhotels.com\\\/es\\\/equipo\\\/#breadcrumb\"},\"inLanguage\":\"es\",\"potentialAction\":[{\"@type\":\"ReadAction\",\"target\":[\"https:\\\/\\\/whitebrandhotels.com\\\/es\\\/equipo\\\/\"]}]},{\"@type\":\"ImageObject\",\"inLanguage\":\"es\",\"@id\":\"https:\\\/\\\/whitebrandhotels.com\\\/es\\\/equipo\\\/#primaryimage\",\"url\":\"https:\\\/\\\/whitebrandhotels.com\\\/wp-content\\\/uploads\\\/2021\\\/01\\\/luis-foto.jpg\",\"contentUrl\":\"https:\\\/\\\/whitebrandhotels.com\\\/wp-content\\\/uploads\\\/2021\\\/01\\\/luis-foto.jpg\"},{\"@type\":\"BreadcrumbList\",\"@id\":\"https:\\\/\\\/whitebrandhotels.com\\\/es\\\/equipo\\\/#breadcrumb\",\"itemListElement\":[{\"@type\":\"ListItem\",\"position\":1,\"name\":\"Portada\",\"item\":\"https:\\\/\\\/whitebrandhotels.com\\\/es\\\/\"},{\"@type\":\"ListItem\",\"position\":2,\"name\":\"Equipo\"}]},{\"@type\":\"WebSite\",\"@id\":\"https:\\\/\\\/whitebrandhotels.com\\\/#website\",\"url\":\"https:\\\/\\\/whitebrandhotels.com\\\/\",\"name\":\"White Brand Hotels\",\"description\":\"Hotel Management\",\"publisher\":{\"@id\":\"https:\\\/\\\/whitebrandhotels.com\\\/#organization\"},\"potentialAction\":[{\"@type\":\"SearchAction\",\"target\":{\"@type\":\"EntryPoint\",\"urlTemplate\":\"https:\\\/\\\/whitebrandhotels.com\\\/?s={search_term_string}\"},\"query-input\":{\"@type\":\"PropertyValueSpecification\",\"valueRequired\":true,\"valueName\":\"search_term_string\"}}],\"inLanguage\":\"es\"},{\"@type\":\"Organization\",\"@id\":\"https:\\\/\\\/whitebrandhotels.com\\\/#organization\",\"name\":\"White Brand Hotels\",\"url\":\"https:\\\/\\\/whitebrandhotels.com\\\/\",\"logo\":{\"@type\":\"ImageObject\",\"inLanguage\":\"es\",\"@id\":\"https:\\\/\\\/whitebrandhotels.com\\\/#\\\/schema\\\/logo\\\/image\\\/\",\"url\":\"https:\\\/\\\/whitebrandhotels.com\\\/wp-content\\\/uploads\\\/2021\\\/01\\\/logo-wbh-black.png\",\"contentUrl\":\"https:\\\/\\\/whitebrandhotels.com\\\/wp-content\\\/uploads\\\/2021\\\/01\\\/logo-wbh-black.png\",\"width\":250,\"height\":45,\"caption\":\"White Brand Hotels\"},\"image\":{\"@id\":\"https:\\\/\\\/whitebrandhotels.com\\\/#\\\/schema\\\/logo\\\/image\\\/\"},\"sameAs\":[\"https:\\\/\\\/www.instagram.com\\\/whitebrandhotels\",\"https:\\\/\\\/www.linkedin.com\\\/company\\\/whitebrandhotels\"]}]}<\/script>\n<!-- \/ Yoast SEO plugin. -->","yoast_head_json":{"title":"Equipo - White Brand Hotels","robots":{"index":"index","follow":"follow","max-snippet":"max-snippet:-1","max-image-preview":"max-image-preview:large","max-video-preview":"max-video-preview:-1"},"canonical":"https:\/\/whitebrandhotels.com\/es\/equipo\/","og_locale":"es_ES","og_type":"article","og_title":"Equipo - White Brand Hotels","og_description":"Equipo Una empresa es tan buena como el equipo que la respalda Somos un equipo internacional con ra\u00edces muy distintas, compartiendo el mismo amor y pasi\u00f3n por la hospitalidad. Todos somos emprendedores, habiendo encontrado en White Brand Hotels el equilibrio perfecto entre la creatividad individual y la comodidad de apoyarse en un equipo incre\u00edble con &hellip; Equipo Leer m\u00e1s &raquo;","og_url":"https:\/\/whitebrandhotels.com\/es\/equipo\/","og_site_name":"White Brand Hotels","article_modified_time":"2021-04-21T09:51:36+00:00","og_image":[{"url":"https:\/\/whitebrandhotels.com\/wp-content\/uploads\/2021\/01\/luis-foto.jpg","type":"","width":"","height":""}],"twitter_card":"summary_large_image","twitter_misc":{"Tiempo de lectura":"6 minutos"},"schema":{"@context":"https:\/\/schema.org","@graph":[{"@type":"WebPage","@id":"https:\/\/whitebrandhotels.com\/es\/equipo\/","url":"https:\/\/whitebrandhotels.com\/es\/equipo\/","name":"Equipo - White Brand Hotels","isPartOf":{"@id":"https:\/\/whitebrandhotels.com\/#website"},"primaryImageOfPage":{"@id":"https:\/\/whitebrandhotels.com\/es\/equipo\/#primaryimage"},"image":{"@id":"https:\/\/whitebrandhotels.com\/es\/equipo\/#primaryimage"},"thumbnailUrl":"https:\/\/whitebrandhotels.com\/wp-content\/uploads\/2021\/01\/luis-foto.jpg","datePublished":"2021-01-28T12:41:32+00:00","dateModified":"2021-04-21T09:51:36+00:00","breadcrumb":{"@id":"https:\/\/whitebrandhotels.com\/es\/equipo\/#breadcrumb"},"inLanguage":"es","potentialAction":[{"@type":"ReadAction","target":["https:\/\/whitebrandhotels.com\/es\/equipo\/"]}]},{"@type":"ImageObject","inLanguage":"es","@id":"https:\/\/whitebrandhotels.com\/es\/equipo\/#primaryimage","url":"https:\/\/whitebrandhotels.com\/wp-content\/uploads\/2021\/01\/luis-foto.jpg","contentUrl":"https:\/\/whitebrandhotels.com\/wp-content\/uploads\/2021\/01\/luis-foto.jpg"},{"@type":"BreadcrumbList","@id":"https:\/\/whitebrandhotels.com\/es\/equipo\/#breadcrumb","itemListElement":[{"@type":"ListItem","position":1,"name":"Portada","item":"https:\/\/whitebrandhotels.com\/es\/"},{"@type":"ListItem","position":2,"name":"Equipo"}]},{"@type":"WebSite","@id":"https:\/\/whitebrandhotels.com\/#website","url":"https:\/\/whitebrandhotels.com\/","name":"White Brand Hotels","description":"Hotel Management","publisher":{"@id":"https:\/\/whitebrandhotels.com\/#organization"},"potentialAction":[{"@type":"SearchAction","target":{"@type":"EntryPoint","urlTemplate":"https:\/\/whitebrandhotels.com\/?s={search_term_string}"},"query-input":{"@type":"PropertyValueSpecification","valueRequired":true,"valueName":"search_term_string"}}],"inLanguage":"es"},{"@type":"Organization","@id":"https:\/\/whitebrandhotels.com\/#organization","name":"White Brand Hotels","url":"https:\/\/whitebrandhotels.com\/","logo":{"@type":"ImageObject","inLanguage":"es","@id":"https:\/\/whitebrandhotels.com\/#\/schema\/logo\/image\/","url":"https:\/\/whitebrandhotels.com\/wp-content\/uploads\/2021\/01\/logo-wbh-black.png","contentUrl":"https:\/\/whitebrandhotels.com\/wp-content\/uploads\/2021\/01\/logo-wbh-black.png","width":250,"height":45,"caption":"White Brand Hotels"},"image":{"@id":"https:\/\/whitebrandhotels.com\/#\/schema\/logo\/image\/"},"sameAs":["https:\/\/www.instagram.com\/whitebrandhotels","https:\/\/www.linkedin.com\/company\/whitebrandhotels"]}]}},"_links":{"self":[{"href":"https:\/\/whitebrandhotels.com\/es\/wp-json\/wp\/v2\/pages\/646","targetHints":{"allow":["GET"]}}],"collection":[{"href":"https:\/\/whitebrandhotels.com\/es\/wp-json\/wp\/v2\/pages"}],"about":[{"href":"https:\/\/whitebrandhotels.com\/es\/wp-json\/wp\/v2\/types\/page"}],"author":[{"embeddable":true,"href":"https:\/\/whitebrandhotels.com\/es\/wp-json\/wp\/v2\/users\/1"}],"replies":[{"embeddable":true,"href":"https:\/\/whitebrandhotels.com\/es\/wp-json\/wp\/v2\/comments?post=646"}],"version-history":[{"count":107,"href":"https:\/\/whitebrandhotels.com\/es\/wp-json\/wp\/v2\/pages\/646\/revisions"}],"predecessor-version":[{"id":1191,"href":"https:\/\/whitebrandhotels.com\/es\/wp-json\/wp\/v2\/pages\/646\/revisions\/1191"}],"wp:attachment":[{"href":"https:\/\/whitebrandhotels.com\/es\/wp-json\/wp\/v2\/media?parent=646"}],"curies":[{"name":"wp","href":"https:\/\/api.w.org\/{rel}","templated":true}]}}