{"id":666,"date":"2021-01-28T12:45:15","date_gmt":"2021-01-28T12:45:15","guid":{"rendered":"https:\/\/whitebrandhotels.lawebdetuvida.com\/inicio\/"},"modified":"2021-02-18T18:13:19","modified_gmt":"2021-02-18T18:13:19","slug":"inicio","status":"publish","type":"page","link":"https:\/\/whitebrandhotels.com\/es\/","title":{"rendered":"Inicio"},"content":{"rendered":"<p>White Brand Hotels <\/p>\n<h1>Hotel Management 2.0<\/h1>\n<p>\t\t\t<a href=\"https:\/\/whitebrandhotels.com\/es\/acerca-de-nosotros\/\" role=\"button\"><br \/>\n\t\t\t\t\t\tSOBRE NOSOTROS<br \/>\n\t\t\t\t\t<\/a><\/p>\n<p>El hecho de que un hotel sea cool, ecol\u00f3gico, lujoso o elegante no es tan relevante como lo que el hu\u00e9sped experimenta y siente.<\/p>\n<p>&#8211; Una reflexi\u00f3n de White Brand Hotels &#8211;<\/p>\n<h2>Gestionar un hotel es una cosa. Hacerlo rentable, otra<\/h2>\n<p>Gestionamos hoteles de forma discreta bajo la marca existente, ofreciendo una gesti\u00f3n hotelera integral. Nos encargamos de todo, desde la gesti\u00f3n del cash flow hasta la formaci\u00f3n del personal.<\/p>\n<p>Implementamos una cultura de servicio, supervisamos la calidad y maximizamos los ingresos con campa\u00f1as comerciales espec\u00edficas. Controlamos los gastos con nuestro software de inventario en tiempo real y nuestros clientes siempre tienen una \u201cfoto\u201d actual del rendimiento de su establecimiento.<\/p>\n<p>\t\t\t<a href=\"https:\/\/whitebrandhotels.com\/es\/servicios\/#hotel-management\" role=\"button\"><br \/>\n\t\t\t\t\t\tHOTEL MANAGEMENT<br \/>\n\t\t\t\t\t<\/a><br \/>\n\t\t\t\t\t\t\t\t\t\t<img decoding=\"async\" width=\"550\" height=\"516\" src=\"https:\/\/whitebrandhotels.com\/wp-content\/uploads\/2020\/10\/inicio-wbh.png\" alt=\"\" loading=\"lazy\" srcset=\"https:\/\/whitebrandhotels.com\/wp-content\/uploads\/2020\/10\/inicio-wbh.png 550w, https:\/\/whitebrandhotels.com\/wp-content\/uploads\/2020\/10\/inicio-wbh-300x281.png 300w\" sizes=\"auto, (max-width: 550px) 100vw, 550px\" \/>\t\t\t\t\t\t\t\t\t\t\t<\/p>\n<h2>Asset Management, una apuesta segura para el \u00e9xito <\/h2>\n<p>Hemos ayudado a hoteles a salir de su crisis financiera, refinanciando, reestructurando y renegociando deudas con proveedores y bancos. Como Asset Managers asesoramos a nuestros clientes para tomar las mejores decisiones para la empresa, su equipo humano y, por supuesto, la cuenta de resultados.<\/p>\n<p>\t\t\t<a href=\"https:\/\/whitebrandhotels.com\/es\/servicios\/#asset-management\" role=\"button\"><br \/>\n\t\t\t\t\t\tASSET MANAGEMENT<br \/>\n\t\t\t\t\t<\/a><\/p>\n<h2>Tomando hoy las decisiones ciertas para el ma\u00f1ana<\/h2>\n<p>White Brand Hotels crea nuevos conceptos y ayuda tanto en la planificaci\u00f3n de proyectos nuevos como en un cambio de marca. Contamos con un arquitecto y una constructora que colaboran con White Brand Hotels para garantizar que el proyecto se desarrolle en el tiempo previsto y est\u00e9 equipado con todas las necesidades operativas. Nos ocupamos de todos los aspectos de la apertura y entregamos un proyecto llave en mano, listo para gestionar.<\/p>\n<p>\t\t\t<a href=\"https:\/\/whitebrandhotels.com\/es\/servicios\/#development\" role=\"button\"><br \/>\n\t\t\t\t\t\tDEVELOPMENT<br \/>\n\t\t\t\t\t<\/a><\/p>\n<h3>\u00bfHablamos?<\/h3>\n<p>Estaremos encantados de poder ofrecerle m\u00e1s informaci\u00f3n sobre nuestros servicios. No dude en ponerse en contacto con nosotros y le responderemos en un plazo de 24 horas.<\/p>\n<p>\t\t\t<a href=\"https:\/\/whitebrandhotels.com\/es\/contacto\/\" role=\"button\"><br \/>\n\t\t\t\t\t\tCONTACTE CON NOSOTROS<br \/>\n\t\t\t\t\t<\/a><\/p>\n","protected":false},"excerpt":{"rendered":"<p>White Brand Hotels Hotel Management 2.0 SOBRE NOSOTROS El hecho de que un hotel sea cool, ecol\u00f3gico, lujoso o elegante no es tan relevante como lo que el hu\u00e9sped experimenta y siente. &#8211; Una reflexi\u00f3n de White Brand Hotels &#8211; Gestionar un hotel es una cosa. Hacerlo rentable, otra Gestionamos hoteles de forma discreta bajo &hellip;<\/p>\n<p class=\"read-more\"> <a class=\"\" href=\"https:\/\/whitebrandhotels.com\/es\/\"> <span class=\"screen-reader-text\">Inicio<\/span> Leer m\u00e1s &raquo;<\/a><\/p>\n","protected":false},"author":1,"featured_media":0,"parent":0,"menu_order":0,"comment_status":"closed","ping_status":"closed","template":"","meta":{"_monsterinsights_skip_tracking":false,"_monsterinsights_sitenote_active":false,"_monsterinsights_sitenote_note":"","_monsterinsights_sitenote_category":0,"site-sidebar-layout":"no-sidebar","site-content-layout":"page-builder","ast-global-header-display":"","ast-main-header-display":"","ast-hfb-above-header-display":"","ast-hfb-below-header-display":"","ast-hfb-mobile-header-display":"","site-post-title":"disabled","ast-breadcrumbs-content":"","ast-featured-img":"disabled","footer-sml-layout":"","theme-transparent-header-meta":"enabled","adv-header-id-meta":"","stick-header-meta":"","header-above-stick-meta":"","header-main-stick-meta":"","header-below-stick-meta":"","footnotes":""},"class_list":["post-666","page","type-page","status-publish","hentry"],"yoast_head":"<!-- This site is optimized with the Yoast SEO plugin v27.4 - https:\/\/yoast.com\/product\/yoast-seo-wordpress\/ -->\n<title>Inicio - White Brand Hotels<\/title>\n<meta name=\"robots\" content=\"index, follow, max-snippet:-1, max-image-preview:large, max-video-preview:-1\" \/>\n<link rel=\"canonical\" href=\"https:\/\/whitebrandhotels.com\/es\/\" \/>\n<meta property=\"og:locale\" content=\"es_ES\" \/>\n<meta property=\"og:type\" content=\"article\" \/>\n<meta property=\"og:title\" content=\"Inicio - White Brand Hotels\" \/>\n<meta property=\"og:description\" content=\"White Brand Hotels Hotel Management 2.0 SOBRE NOSOTROS El hecho de que un hotel sea cool, ecol\u00f3gico, lujoso o elegante no es tan relevante como lo que el hu\u00e9sped experimenta y siente. &#8211; Una reflexi\u00f3n de White Brand Hotels &#8211; Gestionar un hotel es una cosa. Hacerlo rentable, otra Gestionamos hoteles de forma discreta bajo &hellip; Inicio Leer m\u00e1s &raquo;\" \/>\n<meta property=\"og:url\" content=\"https:\/\/whitebrandhotels.com\/es\/\" \/>\n<meta property=\"og:site_name\" content=\"White Brand Hotels\" \/>\n<meta property=\"article:modified_time\" content=\"2021-02-18T18:13:19+00:00\" \/>\n<meta property=\"og:image\" content=\"https:\/\/whitebrandhotels.com\/wp-content\/uploads\/2020\/10\/inicio-wbh.png\" \/>\n<meta name=\"twitter:card\" content=\"summary_large_image\" \/>\n<meta name=\"twitter:label1\" content=\"Tiempo de lectura\" \/>\n\t<meta name=\"twitter:data1\" content=\"2 minutos\" \/>\n<script type=\"application\/ld+json\" class=\"yoast-schema-graph\">{\"@context\":\"https:\\\/\\\/schema.org\",\"@graph\":[{\"@type\":\"WebPage\",\"@id\":\"https:\\\/\\\/whitebrandhotels.com\\\/es\\\/\",\"url\":\"https:\\\/\\\/whitebrandhotels.com\\\/es\\\/\",\"name\":\"Inicio - White Brand Hotels\",\"isPartOf\":{\"@id\":\"https:\\\/\\\/whitebrandhotels.com\\\/#website\"},\"primaryImageOfPage\":{\"@id\":\"https:\\\/\\\/whitebrandhotels.com\\\/es\\\/#primaryimage\"},\"image\":{\"@id\":\"https:\\\/\\\/whitebrandhotels.com\\\/es\\\/#primaryimage\"},\"thumbnailUrl\":\"https:\\\/\\\/whitebrandhotels.com\\\/wp-content\\\/uploads\\\/2020\\\/10\\\/inicio-wbh.png\",\"datePublished\":\"2021-01-28T12:45:15+00:00\",\"dateModified\":\"2021-02-18T18:13:19+00:00\",\"breadcrumb\":{\"@id\":\"https:\\\/\\\/whitebrandhotels.com\\\/es\\\/#breadcrumb\"},\"inLanguage\":\"es\",\"potentialAction\":[{\"@type\":\"ReadAction\",\"target\":[\"https:\\\/\\\/whitebrandhotels.com\\\/es\\\/\"]}]},{\"@type\":\"ImageObject\",\"inLanguage\":\"es\",\"@id\":\"https:\\\/\\\/whitebrandhotels.com\\\/es\\\/#primaryimage\",\"url\":\"https:\\\/\\\/whitebrandhotels.com\\\/wp-content\\\/uploads\\\/2020\\\/10\\\/inicio-wbh.png\",\"contentUrl\":\"https:\\\/\\\/whitebrandhotels.com\\\/wp-content\\\/uploads\\\/2020\\\/10\\\/inicio-wbh.png\"},{\"@type\":\"BreadcrumbList\",\"@id\":\"https:\\\/\\\/whitebrandhotels.com\\\/es\\\/#breadcrumb\",\"itemListElement\":[{\"@type\":\"ListItem\",\"position\":1,\"name\":\"Portada\",\"item\":\"https:\\\/\\\/whitebrandhotels.com\\\/es\\\/\"},{\"@type\":\"ListItem\",\"position\":2,\"name\":\"Inicio\"}]},{\"@type\":\"WebSite\",\"@id\":\"https:\\\/\\\/whitebrandhotels.com\\\/#website\",\"url\":\"https:\\\/\\\/whitebrandhotels.com\\\/\",\"name\":\"White Brand Hotels\",\"description\":\"Hotel Management\",\"publisher\":{\"@id\":\"https:\\\/\\\/whitebrandhotels.com\\\/#organization\"},\"potentialAction\":[{\"@type\":\"SearchAction\",\"target\":{\"@type\":\"EntryPoint\",\"urlTemplate\":\"https:\\\/\\\/whitebrandhotels.com\\\/?s={search_term_string}\"},\"query-input\":{\"@type\":\"PropertyValueSpecification\",\"valueRequired\":true,\"valueName\":\"search_term_string\"}}],\"inLanguage\":\"es\"},{\"@type\":\"Organization\",\"@id\":\"https:\\\/\\\/whitebrandhotels.com\\\/#organization\",\"name\":\"White Brand Hotels\",\"url\":\"https:\\\/\\\/whitebrandhotels.com\\\/\",\"logo\":{\"@type\":\"ImageObject\",\"inLanguage\":\"es\",\"@id\":\"https:\\\/\\\/whitebrandhotels.com\\\/#\\\/schema\\\/logo\\\/image\\\/\",\"url\":\"https:\\\/\\\/whitebrandhotels.com\\\/wp-content\\\/uploads\\\/2021\\\/01\\\/logo-wbh-black.png\",\"contentUrl\":\"https:\\\/\\\/whitebrandhotels.com\\\/wp-content\\\/uploads\\\/2021\\\/01\\\/logo-wbh-black.png\",\"width\":250,\"height\":45,\"caption\":\"White Brand Hotels\"},\"image\":{\"@id\":\"https:\\\/\\\/whitebrandhotels.com\\\/#\\\/schema\\\/logo\\\/image\\\/\"},\"sameAs\":[\"https:\\\/\\\/www.instagram.com\\\/whitebrandhotels\",\"https:\\\/\\\/www.linkedin.com\\\/company\\\/whitebrandhotels\"]}]}<\/script>\n<!-- \/ Yoast SEO plugin. -->","yoast_head_json":{"title":"Inicio - White Brand Hotels","robots":{"index":"index","follow":"follow","max-snippet":"max-snippet:-1","max-image-preview":"max-image-preview:large","max-video-preview":"max-video-preview:-1"},"canonical":"https:\/\/whitebrandhotels.com\/es\/","og_locale":"es_ES","og_type":"article","og_title":"Inicio - White Brand Hotels","og_description":"White Brand Hotels Hotel Management 2.0 SOBRE NOSOTROS El hecho de que un hotel sea cool, ecol\u00f3gico, lujoso o elegante no es tan relevante como lo que el hu\u00e9sped experimenta y siente. &#8211; Una reflexi\u00f3n de White Brand Hotels &#8211; Gestionar un hotel es una cosa. Hacerlo rentable, otra Gestionamos hoteles de forma discreta bajo &hellip; Inicio Leer m\u00e1s &raquo;","og_url":"https:\/\/whitebrandhotels.com\/es\/","og_site_name":"White Brand Hotels","article_modified_time":"2021-02-18T18:13:19+00:00","og_image":[{"url":"https:\/\/whitebrandhotels.com\/wp-content\/uploads\/2020\/10\/inicio-wbh.png","type":"","width":"","height":""}],"twitter_card":"summary_large_image","twitter_misc":{"Tiempo de lectura":"2 minutos"},"schema":{"@context":"https:\/\/schema.org","@graph":[{"@type":"WebPage","@id":"https:\/\/whitebrandhotels.com\/es\/","url":"https:\/\/whitebrandhotels.com\/es\/","name":"Inicio - White Brand Hotels","isPartOf":{"@id":"https:\/\/whitebrandhotels.com\/#website"},"primaryImageOfPage":{"@id":"https:\/\/whitebrandhotels.com\/es\/#primaryimage"},"image":{"@id":"https:\/\/whitebrandhotels.com\/es\/#primaryimage"},"thumbnailUrl":"https:\/\/whitebrandhotels.com\/wp-content\/uploads\/2020\/10\/inicio-wbh.png","datePublished":"2021-01-28T12:45:15+00:00","dateModified":"2021-02-18T18:13:19+00:00","breadcrumb":{"@id":"https:\/\/whitebrandhotels.com\/es\/#breadcrumb"},"inLanguage":"es","potentialAction":[{"@type":"ReadAction","target":["https:\/\/whitebrandhotels.com\/es\/"]}]},{"@type":"ImageObject","inLanguage":"es","@id":"https:\/\/whitebrandhotels.com\/es\/#primaryimage","url":"https:\/\/whitebrandhotels.com\/wp-content\/uploads\/2020\/10\/inicio-wbh.png","contentUrl":"https:\/\/whitebrandhotels.com\/wp-content\/uploads\/2020\/10\/inicio-wbh.png"},{"@type":"BreadcrumbList","@id":"https:\/\/whitebrandhotels.com\/es\/#breadcrumb","itemListElement":[{"@type":"ListItem","position":1,"name":"Portada","item":"https:\/\/whitebrandhotels.com\/es\/"},{"@type":"ListItem","position":2,"name":"Inicio"}]},{"@type":"WebSite","@id":"https:\/\/whitebrandhotels.com\/#website","url":"https:\/\/whitebrandhotels.com\/","name":"White Brand Hotels","description":"Hotel Management","publisher":{"@id":"https:\/\/whitebrandhotels.com\/#organization"},"potentialAction":[{"@type":"SearchAction","target":{"@type":"EntryPoint","urlTemplate":"https:\/\/whitebrandhotels.com\/?s={search_term_string}"},"query-input":{"@type":"PropertyValueSpecification","valueRequired":true,"valueName":"search_term_string"}}],"inLanguage":"es"},{"@type":"Organization","@id":"https:\/\/whitebrandhotels.com\/#organization","name":"White Brand Hotels","url":"https:\/\/whitebrandhotels.com\/","logo":{"@type":"ImageObject","inLanguage":"es","@id":"https:\/\/whitebrandhotels.com\/#\/schema\/logo\/image\/","url":"https:\/\/whitebrandhotels.com\/wp-content\/uploads\/2021\/01\/logo-wbh-black.png","contentUrl":"https:\/\/whitebrandhotels.com\/wp-content\/uploads\/2021\/01\/logo-wbh-black.png","width":250,"height":45,"caption":"White Brand Hotels"},"image":{"@id":"https:\/\/whitebrandhotels.com\/#\/schema\/logo\/image\/"},"sameAs":["https:\/\/www.instagram.com\/whitebrandhotels","https:\/\/www.linkedin.com\/company\/whitebrandhotels"]}]}},"_links":{"self":[{"href":"https:\/\/whitebrandhotels.com\/es\/wp-json\/wp\/v2\/pages\/666","targetHints":{"allow":["GET"]}}],"collection":[{"href":"https:\/\/whitebrandhotels.com\/es\/wp-json\/wp\/v2\/pages"}],"about":[{"href":"https:\/\/whitebrandhotels.com\/es\/wp-json\/wp\/v2\/types\/page"}],"author":[{"embeddable":true,"href":"https:\/\/whitebrandhotels.com\/es\/wp-json\/wp\/v2\/users\/1"}],"replies":[{"embeddable":true,"href":"https:\/\/whitebrandhotels.com\/es\/wp-json\/wp\/v2\/comments?post=666"}],"version-history":[{"count":14,"href":"https:\/\/whitebrandhotels.com\/es\/wp-json\/wp\/v2\/pages\/666\/revisions"}],"predecessor-version":[{"id":964,"href":"https:\/\/whitebrandhotels.com\/es\/wp-json\/wp\/v2\/pages\/666\/revisions\/964"}],"wp:attachment":[{"href":"https:\/\/whitebrandhotels.com\/es\/wp-json\/wp\/v2\/media?parent=666"}],"curies":[{"name":"wp","href":"https:\/\/api.w.org\/{rel}","templated":true}]}}